{"id":726,"date":"2018-10-19T14:31:11","date_gmt":"2018-10-19T13:31:11","guid":{"rendered":"http:\/\/www.varjo.es\/?page_id=726"},"modified":"2018-10-19T14:31:11","modified_gmt":"2018-10-19T13:31:11","slug":"politica-de-privacidad","status":"publish","type":"page","link":"https:\/\/www.varjo.es\/index.php\/es\/politica-de-privacidad\/","title":{"rendered":"Pol\u00edtica de privacidad"},"content":{"rendered":"<p><b>Pol\u00edtica de privacidad<\/b><br \/>\nEl registro y la declaraci\u00f3n de privacidad es de conformidad con el Reglamento general de protecci\u00f3n de datos de la Union Europea (GDPR).<\/p>\n<p><b>Persona responsable del registro y de contacto:<\/b><br \/>\nServicios Varjo \/ Tomi Varjo<br \/>\nNIE: ESY3106151S<br \/>\nTel\u00e9fono: (+34) 631004903<br \/>\nEmail: tomi@varjo.es<\/p>\n<p><b>El contenido de los datos en el registro.<\/b><br \/>\nLos datos personales almacenados en el registro son:<br \/>\n&#8211; Nombre de la persona \/ empresa<br \/>\n&#8211; Direcci\u00f3n<br \/>\n&#8211; DNI o CIF<br \/>\n&#8211; Direcci\u00f3n de correo electr\u00f3nico y n\u00famero de tel\u00e9fono<\/p>\n<p><b>Objeto y base jur\u00eddica para el tratamiento de datos personales.<\/b><br \/>\nLos datos personales se recopilan y se procesan para el registro de clientes\/socios.<br \/>\nEl tratamiento de los datos personales se basa en el Reglamento general de protecci\u00f3n de datos de la UE.<\/p>\n<p><b>Fuentes de informaci\u00f3n del registro.<\/b><br \/>\nLa informaci\u00f3n almacenada en el registro se obtienen del cliente\/socio al facturar.<\/p>\n<p><b>Revelaci\u00f3n de datos.<\/b><br \/>\nNo se entrega ninguna informaci\u00f3n. Solo el abogado\/contable puede ver los datos en las facturas.<\/p>\n<p><b>Derechos registrados.<\/b><br \/>\nEl cliente tiene el derecho de solicitar su informaci\u00f3n, o de corregirla\/modificarla si es necesario. En este caso contacte con la persona de contacto.<\/p>\n<p><b>Retenci\u00f3n de datos.<\/b><br \/>\nLos datos en el registro se mantienen mientras la empresa est\u00e9 activa.<\/p>\n<p><b>La protecci\u00f3n del registro.<\/b><br \/>\nEl registro se guarda en un ordenador que se realiza copias de seguirdad de vez en cuando, y s\u00f3lo se puede acceder a los datos a trav\u00e9s de un firewall.<\/p>\n<p>&nbsp;<\/p>\n","protected":false},"excerpt":{"rendered":"<p>Pol\u00edtica de privacidad El registro y la declaraci\u00f3n de privacidad es de conformidad con el Reglamento general de protecci\u00f3n de datos de la Union Europea (GDPR). Persona responsable del registro y de contacto: Servicios Varjo \/ Tomi Varjo NIE: ESY3106151S<\/p>\n","protected":false},"author":1,"featured_media":0,"parent":0,"menu_order":0,"comment_status":"closed","ping_status":"closed","template":"","meta":[],"_links":{"self":[{"href":"https:\/\/www.varjo.es\/index.php\/wp-json\/wp\/v2\/pages\/726"}],"collection":[{"href":"https:\/\/www.varjo.es\/index.php\/wp-json\/wp\/v2\/pages"}],"about":[{"href":"https:\/\/www.varjo.es\/index.php\/wp-json\/wp\/v2\/types\/page"}],"author":[{"embeddable":true,"href":"https:\/\/www.varjo.es\/index.php\/wp-json\/wp\/v2\/users\/1"}],"replies":[{"embeddable":true,"href":"https:\/\/www.varjo.es\/index.php\/wp-json\/wp\/v2\/comments?post=726"}],"version-history":[{"count":1,"href":"https:\/\/www.varjo.es\/index.php\/wp-json\/wp\/v2\/pages\/726\/revisions"}],"predecessor-version":[{"id":727,"href":"https:\/\/www.varjo.es\/index.php\/wp-json\/wp\/v2\/pages\/726\/revisions\/727"}],"wp:attachment":[{"href":"https:\/\/www.varjo.es\/index.php\/wp-json\/wp\/v2\/media?parent=726"}],"curies":[{"name":"wp","href":"https:\/\/api.w.org\/{rel}","templated":true}]}}