{"id":721,"date":"2018-10-19T14:25:35","date_gmt":"2018-10-19T13:25:35","guid":{"rendered":"http:\/\/www.varjo.es\/?page_id=721"},"modified":"2018-10-19T14:35:53","modified_gmt":"2018-10-19T13:35:53","slug":"721-2","status":"publish","type":"page","link":"https:\/\/www.varjo.es\/index.php\/sv\/721-2\/","title":{"rendered":"Integritetspolicy"},"content":{"rendered":"<p><b>Integritetspolicy<\/b><br \/>\nRegister och sekretesspolicy i enlighet med EU:s allm\u00e4nna dataskyddsf\u00f6rordning (GDPR).<\/p>\n<p><b>Personuppgiftsansvarig och kontaktperson: <\/b><br \/>\nServicios Varjo \/ Tomi Varjo<br \/>\nF\u00f6retags ID: ESY3106151S<br \/>\nTelefon: (+34) 631004903<br \/>\nE-post: tomi@varjo.es<\/p>\n<p><b>Datainneh\u00e5llet i registret.<\/b><br \/>\nPersonuppgifterna som \u00e4r lagrade i registret \u00e4r:<br \/>\n&#8211; Namn p\u00e5 personen eller f\u00f6retaget<br \/>\n&#8211; Adress<br \/>\n&#8211; Skatt eller momsnummer<br \/>\n&#8211; E-postadress och telefonnummer<\/p>\n<p><b>Syfte och r\u00e4ttslig grund f\u00f6r behandling av personuppgifterna.<\/b><br \/>\nPersonuppgifterna samlas in och behandlas f\u00f6r kund- \/ partnerregistret.<br \/>\nBehandlingen av personuppgifterna baseras p\u00e5 EU:s allm\u00e4nna dataskyddsbest\u00e4mmelser.<\/p>\n<p><b>Informationsk\u00e4llor vid registering.<\/b><br \/>\nInformationen som lagras i registret erh\u00e5lls fr\u00e5n kunden\/partnern vid fakturering.<\/p>\n<p><b>Avsl\u00f6jande av information. <\/b><br \/>\nIngen information ges ut. Endast advokatkontoret\/redovisaren kan se uppgifterna p\u00e5 fakturorna.<\/p>\n<p><b>Registrerade r\u00e4ttigheter.<\/b><br \/>\nKunden har r\u00e4tt att beg\u00e4ra sin information, eller korrigera\/\u00e4ndra inforamtionen vid behov. I dessa fall ta kontakt med v\u00e5r kontaktperson.<\/p>\n<p><b>Bevarande av data.<\/b><br \/>\nData i registret bevaras s\u00e5 l\u00e4nge som f\u00f6retaget \u00e4r aktivt.<\/p>\n<p><b>Skydd av registret.<\/b><br \/>\nRegistret uppbevaras p\u00e5 en dator som s\u00e4kerhetskopieras alltemellan\u00e5t, och \u00e4r endast tillg\u00e4nglig via en brandv\u00e4gg.<\/p>\n","protected":false},"excerpt":{"rendered":"<p>Integritetspolicy Register och sekretesspolicy i enlighet med EU:s allm\u00e4nna dataskyddsf\u00f6rordning (GDPR). Personuppgiftsansvarig och kontaktperson: Servicios Varjo \/ Tomi Varjo F\u00f6retags ID: ESY3106151S Telefon: (+34) 631004903 E-post: tomi@varjo.es Datainneh\u00e5llet i registret. Personuppgifterna som \u00e4r lagrade i registret \u00e4r: &#8211; Namn p\u00e5<\/p>\n","protected":false},"author":1,"featured_media":0,"parent":0,"menu_order":0,"comment_status":"closed","ping_status":"closed","template":"","meta":[],"_links":{"self":[{"href":"https:\/\/www.varjo.es\/index.php\/wp-json\/wp\/v2\/pages\/721"}],"collection":[{"href":"https:\/\/www.varjo.es\/index.php\/wp-json\/wp\/v2\/pages"}],"about":[{"href":"https:\/\/www.varjo.es\/index.php\/wp-json\/wp\/v2\/types\/page"}],"author":[{"embeddable":true,"href":"https:\/\/www.varjo.es\/index.php\/wp-json\/wp\/v2\/users\/1"}],"replies":[{"embeddable":true,"href":"https:\/\/www.varjo.es\/index.php\/wp-json\/wp\/v2\/comments?post=721"}],"version-history":[{"count":3,"href":"https:\/\/www.varjo.es\/index.php\/wp-json\/wp\/v2\/pages\/721\/revisions"}],"predecessor-version":[{"id":729,"href":"https:\/\/www.varjo.es\/index.php\/wp-json\/wp\/v2\/pages\/721\/revisions\/729"}],"wp:attachment":[{"href":"https:\/\/www.varjo.es\/index.php\/wp-json\/wp\/v2\/media?parent=721"}],"curies":[{"name":"wp","href":"https:\/\/api.w.org\/{rel}","templated":true}]}}