{"id":715,"date":"2018-10-13T09:43:51","date_gmt":"2018-10-13T08:43:51","guid":{"rendered":"http:\/\/www.varjo.es\/?page_id=715"},"modified":"2018-10-13T09:43:51","modified_gmt":"2018-10-13T08:43:51","slug":"privacy-policy","status":"publish","type":"page","link":"https:\/\/www.varjo.es\/index.php\/en\/privacy-policy\/","title":{"rendered":"Privacy Policy"},"content":{"rendered":"<p><span id=\"result_box\" class=\"\" lang=\"en\"><span title=\"EU:n yleisen tietosuoja-asetuksen (GDPR) mukainen rekisteri- ja tietosuojaseloste.\n\n\">The Register and Privacy Statement in accordance with the EU&#8217;s General Data Protection Regulation (GDPR).<\/p>\n<p><\/span><span title=\"Rekisterinpit\u00e4j\u00e4 ja yhteyshenkil\u00f6\n\"><strong>Register keeper and contact person<\/strong><br \/>\n<\/span><span title=\"Servicios Varjo \/ Tomi Varjo\n\">Servicios Varjo \/ Tomi Varjo<br \/>\n<\/span><span title=\"Y- tunnus: ESY3106151S\n\">Business ID: ESY3106151S<br \/>\n<\/span><span title=\"Puhelinnumero: (+34) 631004903\n\">Phone: (+34) 631004903<br \/>\n<\/span><span title=\"S\u00e4hk\u00f6posti: tomi@varjo.es\n\n\">Email: tomi@varjo.es<\/p>\n<p><\/span><span title=\"Rekisterin tietosis\u00e4lt\u00f6\n\"><strong>Data content of the register<\/strong><br \/>\n<\/span><span title=\"Rekisteriin tallennettavia henkil\u00f6tietoja ovat\n\">Personal data stored in the register is<br \/>\n<\/span><span title=\"- henkil\u00f6n \/ yrityksen nimi\n\">&#8211; name of the person \/ company<br \/>\n<\/span><span title=\"- osoite\n\">&#8211; address<br \/>\n<\/span><span title=\"- vero- tai alv.-numero\n\">&#8211; tax or VAT number<br \/>\n<\/span><span title=\"- s\u00e4hk\u00f6postiosoite ja puhelinnumero\n\n\">&#8211; e-mail address and telephone number<\/p>\n<p><\/span><span title=\"Henkil\u00f6tietojen k\u00e4sittelyn tarkoitus ja oikeusperuste\n\"><strong>Purpose and legal basis for processing personal data<\/strong><br \/>\n<\/span><span title=\"Henkil\u00f6tietoja ker\u00e4t\u00e4\u00e4n ja k\u00e4sitell\u00e4\u00e4n asiakasrekisteri\u00e4 varten.\n\">Personal data is collected and processed for the customer \/ partner register.<br \/>\n<\/span><span title=\"Henkil\u00f6tietojen k\u00e4sittely perustuu EU:n yleiseen tietosuoja-asetukseen.\n\n\">The handling of personal data is based on the EU&#8217;s general data protection regulation.<\/p>\n<p><\/span><span title=\"Rekisterin tietol\u00e4hteet\n\"><strong>Registry information sources<\/strong><br \/>\n<\/span><span title=\"Rekisteriin tallennettavat tiedot saadaan asiakkaalta laskutuksen yhteydess\u00e4.\n\n\">Information stored in the register is obtained from the customer \/ partner when invoicing.<\/p>\n<p><\/span><span title=\"Tietojen luovuttaminen\n\"><strong>Disclosure<\/strong><br \/>\n<\/span><span title=\"Tietoja ei luovuteta mihink\u00e4\u00e4n.\">No information is given. <\/span><span title=\"Ainoastaan lakimies \/ tilitoimisto n\u00e4kee tiedot laskuista.\n\n\">Only the lawyer \/ accounting office can view the data on the invoices.<\/p>\n<p><\/span><span title=\"Rekister\u00f6idyn oikeudet\n\"><strong>Registered Rights<\/strong><br \/>\n<\/span><span title=\"Asiakkaalla on oikeus pyyt\u00e4\u00e4 tietonsa, tai korjata \/ muuttaa niit\u00e4 tarvittaessa.\">The customer has the right to request their information, or to correct \/ change them if necessary. <\/span><span title=\"T\u00e4ss\u00e4 tapauksessa tulee ottaa yhteytt\u00e4 rekisterin yhteyshenkil\u00f6\u00f6n.\n\n\">In this case, contact the registry correspondent.<\/p>\n<p><\/span><span title=\"Tietojen s\u00e4ilytt\u00e4minen\n\"><strong>Retention of data<\/strong><br \/>\n<\/span><span title=\"Rekisterin tietoja s\u00e4ilytet\u00e4\u00e4n niin kauan kuin yritys on aktiivinen.\n\n\">Data in the register is kept as long as the company is active.<\/p>\n<p><\/span><span title=\"Rekisterin suojaus\n\"><strong>Protection of the registry<\/strong><br \/>\n<\/span><span title=\"Rekisteri pidet\u00e4\u00e4n tietokoneella, josta otetaan varmuuskopio aika-ajoin, ja johon on p\u00e4\u00e4sy vain palomuurin takaa.\">The registry is kept on a computer that is backed up from time to time and is only accessible through the firewall.<\/span><\/span><\/p>\n","protected":false},"excerpt":{"rendered":"<p>The Register and Privacy Statement in accordance with the EU&#8217;s General Data Protection Regulation (GDPR). Register keeper and contact person Servicios Varjo \/ Tomi Varjo Business ID: ESY3106151S Phone: (+34) 631004903 Email: tomi@varjo.es Data content of the register Personal data<\/p>\n","protected":false},"author":1,"featured_media":0,"parent":0,"menu_order":0,"comment_status":"closed","ping_status":"closed","template":"","meta":[],"_links":{"self":[{"href":"https:\/\/www.varjo.es\/index.php\/wp-json\/wp\/v2\/pages\/715"}],"collection":[{"href":"https:\/\/www.varjo.es\/index.php\/wp-json\/wp\/v2\/pages"}],"about":[{"href":"https:\/\/www.varjo.es\/index.php\/wp-json\/wp\/v2\/types\/page"}],"author":[{"embeddable":true,"href":"https:\/\/www.varjo.es\/index.php\/wp-json\/wp\/v2\/users\/1"}],"replies":[{"embeddable":true,"href":"https:\/\/www.varjo.es\/index.php\/wp-json\/wp\/v2\/comments?post=715"}],"version-history":[{"count":1,"href":"https:\/\/www.varjo.es\/index.php\/wp-json\/wp\/v2\/pages\/715\/revisions"}],"predecessor-version":[{"id":718,"href":"https:\/\/www.varjo.es\/index.php\/wp-json\/wp\/v2\/pages\/715\/revisions\/718"}],"wp:attachment":[{"href":"https:\/\/www.varjo.es\/index.php\/wp-json\/wp\/v2\/media?parent=715"}],"curies":[{"name":"wp","href":"https:\/\/api.w.org\/{rel}","templated":true}]}}