{"id":708,"date":"2018-10-13T09:24:46","date_gmt":"2018-10-13T08:24:46","guid":{"rendered":"http:\/\/www.varjo.es\/?page_id=708"},"modified":"2018-10-13T09:41:23","modified_gmt":"2018-10-13T08:41:23","slug":"tietosuojaseloste","status":"publish","type":"page","link":"https:\/\/www.varjo.es\/index.php\/fi\/tietosuojaseloste\/","title":{"rendered":"Tietosuojaseloste"},"content":{"rendered":"<p>EU:n yleisen tietosuoja-asetuksen (GDPR) mukainen rekisteri- ja tietosuojaseloste.<\/p>\n<p><b> Rekisterinpit\u00e4j\u00e4 ja yhteyshenkil\u00f6<\/b><br \/>\nServicios Varjo \/ Tomi Varjo<br \/>\nY- tunnus: ESY3106151S<br \/>\nPuhelinnumero: (+34) 631004903<br \/>\nS\u00e4hk\u00f6posti: tomi@varjo.es<\/p>\n<p><b> Rekisterin tietosis\u00e4lt\u00f6<\/b><br \/>\nRekisteriin tallennettavia henkil\u00f6tietoja ovat<br \/>\n&#8211; henkil\u00f6n nimi<br \/>\n&#8211; osoite<br \/>\n&#8211; vero- tai alv.-numero<br \/>\n&#8211; puhelinnumero<\/p>\n<p><b> Henkil\u00f6tietojen k\u00e4sittelyn tarkoitus ja oikeusperuste<\/b><br \/>\nHenkil\u00f6tietoja ker\u00e4t\u00e4\u00e4n ja k\u00e4sitell\u00e4\u00e4n asiakas- \/ partnerirekisteri\u00e4 varten.<br \/>\nHenkil\u00f6tietojen k\u00e4sittely perustuu EU:n yleiseen tietosuoja-asetukseen.<\/p>\n<p><b> Rekisterin tietol\u00e4hteet<\/b><br \/>\nRekisteriin tallennettavat tiedot saadaan asiakkaalta \/ partnerilta laskutuksen yhteydess\u00e4.<\/p>\n<p><b> Tietojen luovuttaminen<\/b><br \/>\nTietoja ei luovuteta mihink\u00e4\u00e4n. Ainoastaan lakimies \/ tilitoimisto n\u00e4kee tiedot laskuista.<\/p>\n<p><b> Rekister\u00f6idyn oikeudet<\/b><br \/>\nAsiakkaalla on oikeus pyyt\u00e4\u00e4 tietonsa, tai korjata \/ muuttaa niit\u00e4 tarvittaessa. T\u00e4ss\u00e4 tapauksessa tulee ottaa yhteytt\u00e4 rekisterin yhteyshenkil\u00f6\u00f6n.<\/p>\n<p><b>Tietojen s\u00e4ilytt\u00e4minen<\/b><br \/>\nRekisterin tietoja s\u00e4ilytet\u00e4\u00e4n niin kauan kuin yritys on aktiivinen.<\/p>\n<p><b> Rekisterin suojaus<\/b><br \/>\nRekisteri pidet\u00e4\u00e4n tietokoneella, josta otetaan varmuuskopio aika-ajoin, ja johon on p\u00e4\u00e4sy vain palomuurin takaa.<br \/>\nRekisteriin ei ole mahdollista tunkeutua esim. internetin v\u00e4lityksell\u00e4.<\/p>\n","protected":false},"excerpt":{"rendered":"<p>EU:n yleisen tietosuoja-asetuksen (GDPR) mukainen rekisteri- ja tietosuojaseloste. Rekisterinpit\u00e4j\u00e4 ja yhteyshenkil\u00f6 Servicios Varjo \/ Tomi Varjo Y- tunnus: ESY3106151S Puhelinnumero: (+34) 631004903 S\u00e4hk\u00f6posti: tomi@varjo.es Rekisterin tietosis\u00e4lt\u00f6 Rekisteriin tallennettavia henkil\u00f6tietoja ovat &#8211; henkil\u00f6n nimi &#8211; osoite &#8211; vero- tai alv.-numero &#8211;<\/p>\n","protected":false},"author":1,"featured_media":0,"parent":0,"menu_order":0,"comment_status":"closed","ping_status":"closed","template":"","meta":[],"_links":{"self":[{"href":"https:\/\/www.varjo.es\/index.php\/wp-json\/wp\/v2\/pages\/708"}],"collection":[{"href":"https:\/\/www.varjo.es\/index.php\/wp-json\/wp\/v2\/pages"}],"about":[{"href":"https:\/\/www.varjo.es\/index.php\/wp-json\/wp\/v2\/types\/page"}],"author":[{"embeddable":true,"href":"https:\/\/www.varjo.es\/index.php\/wp-json\/wp\/v2\/users\/1"}],"replies":[{"embeddable":true,"href":"https:\/\/www.varjo.es\/index.php\/wp-json\/wp\/v2\/comments?post=708"}],"version-history":[{"count":6,"href":"https:\/\/www.varjo.es\/index.php\/wp-json\/wp\/v2\/pages\/708\/revisions"}],"predecessor-version":[{"id":717,"href":"https:\/\/www.varjo.es\/index.php\/wp-json\/wp\/v2\/pages\/708\/revisions\/717"}],"wp:attachment":[{"href":"https:\/\/www.varjo.es\/index.php\/wp-json\/wp\/v2\/media?parent=708"}],"curies":[{"name":"wp","href":"https:\/\/api.w.org\/{rel}","templated":true}]}}