{"id":654,"date":"2016-10-26T05:27:53","date_gmt":"2016-10-26T04:27:53","guid":{"rendered":"http:\/\/www.varjo.es\/?page_id=654"},"modified":"2024-04-21T12:46:45","modified_gmt":"2024-04-21T11:46:45","slug":"myytavana","status":"publish","type":"page","link":"https:\/\/www.varjo.es\/index.php\/fi\/myytavana\/","title":{"rendered":"Myyt\u00e4v\u00e4n\u00e4"},"content":{"rendered":"<h1>Myyt\u00e4v\u00e4n\u00e4 nyt<\/h1>\n<p>T\u00e4ll\u00e4 hetkell\u00e4 ei mit\u00e4\u00e4n.<\/p>\n","protected":false},"excerpt":{"rendered":"<p>Myyt\u00e4v\u00e4n\u00e4 nyt T\u00e4ll\u00e4 hetkell\u00e4 ei mit\u00e4\u00e4n.<\/p>\n","protected":false},"author":1,"featured_media":0,"parent":0,"menu_order":0,"comment_status":"closed","ping_status":"closed","template":"","meta":[],"_links":{"self":[{"href":"https:\/\/www.varjo.es\/index.php\/wp-json\/wp\/v2\/pages\/654"}],"collection":[{"href":"https:\/\/www.varjo.es\/index.php\/wp-json\/wp\/v2\/pages"}],"about":[{"href":"https:\/\/www.varjo.es\/index.php\/wp-json\/wp\/v2\/types\/page"}],"author":[{"embeddable":true,"href":"https:\/\/www.varjo.es\/index.php\/wp-json\/wp\/v2\/users\/1"}],"replies":[{"embeddable":true,"href":"https:\/\/www.varjo.es\/index.php\/wp-json\/wp\/v2\/comments?post=654"}],"version-history":[{"count":11,"href":"https:\/\/www.varjo.es\/index.php\/wp-json\/wp\/v2\/pages\/654\/revisions"}],"predecessor-version":[{"id":765,"href":"https:\/\/www.varjo.es\/index.php\/wp-json\/wp\/v2\/pages\/654\/revisions\/765"}],"wp:attachment":[{"href":"https:\/\/www.varjo.es\/index.php\/wp-json\/wp\/v2\/media?parent=654"}],"curies":[{"name":"wp","href":"https:\/\/api.w.org\/{rel}","templated":true}]}}