{"id":628,"date":"2016-10-20T04:38:50","date_gmt":"2016-10-20T03:38:50","guid":{"rendered":"http:\/\/www.varjo.es\/?page_id=628"},"modified":"2024-09-05T13:12:21","modified_gmt":"2024-09-05T12:12:21","slug":"information-2","status":"publish","type":"page","link":"https:\/\/www.varjo.es\/index.php\/sv\/information-2\/","title":{"rendered":"Information"},"content":{"rendered":"<h2>Integritetspolicy<\/h2>\nLink a sidan \u00e4r h\u00e4r: <a href=\"http:\/\/www.varjo.es\/index.php\/sv\/721-2\/\">Integritetspolicy<\/a>\n<h2 style=\"text-align: left;\">Tomi Varjo<\/h2>\n<h2><img decoding=\"async\" loading=\"lazy\" class=\"alignright wp-image-490 size-thumbnail\" src=\"http:\/\/www.varjo.es\/wp-content\/uploads\/2016\/05\/IMG_20160502_070003-150x150.jpg\" width=\"150\" height=\"150\" srcset=\"https:\/\/www.varjo.es\/wp-content\/uploads\/2016\/05\/IMG_20160502_070003-150x150.jpg 150w, https:\/\/www.varjo.es\/wp-content\/uploads\/2016\/05\/IMG_20160502_070003-270x270.jpg 270w, https:\/\/www.varjo.es\/wp-content\/uploads\/2016\/05\/IMG_20160502_070003-230x230.jpg 230w\" sizes=\"(max-width: 150px) 100vw, 150px\" \/><\/h2>\n<ul>\n \t<li><span id=\"result_box\" class=\"\" lang=\"en\">Min utbildning \u00e4r automationsmekaniker samt elektroteknisk diplomingenj\u00f6r\n<\/span><\/li>\n \t<li><span id=\"result_box\" class=\"\" lang=\"en\">Mera \u00e4n 1 \u00e5rs erfarenhet fr\u00e5n k\u00e4rnkraftverks automationsservicearbete (Lovisa k\u00e4rnkraftverk)<\/span><\/li>\n \t<li><span id=\"result_box\" class=\"\" lang=\"en\">Mera \u00e4n 3 \u00e5rs erfarenhet fr\u00e5n planering av t\u00e5gelektronik (EKE-Elektroniikka)<\/span><\/li>\n \t<li><span id=\"result_box\" class=\"\" lang=\"en\">Mera \u00e4n 4 \u00e5rs erfarenhet som ledare av elarbeten (EKE-Finance)<\/span><\/li>\n \t<li><span id=\"result_box\" class=\"\" lang=\"en\">Mera \u00e4n 6 \u00e5rs erfarenhet fr\u00e5n planering och ansvarig f\u00f6r produktutveckling av hemautomations anl\u00e4ggningar (EKE-Automaatio)<\/span><\/li>\n \t<li><span id=\"result_box\" class=\"\" lang=\"en\">\u00d6ver 9 \u00e5rs erfarenhet av mekanisk planering (Philips Medical Systems &amp; EKE)<\/span><\/li>\n \t<li><span id=\"result_box\" class=\"\" lang=\"en\"><span class=\"\">\u00d6ver 10 \u00e5rs erfarenhet av Medical anl\u00e4ggningars RF- och elektronikplanering (Picker Nordstar, Marconi Medical Systems, Philips Medical Systems)<\/span><\/span><\/li>\n<\/ul>\n<h2 style=\"text-align: left;\">Linker<\/h2>\n<table>\n<tbody>\n<tr>\n<td>\n\n<figure id=\"attachment_132\" aria-describedby=\"caption-attachment-132\" style=\"width: 180px\" class=\"wp-caption aligncenter\"><a href=\"http:\/\/Smarthome.eke.com\" target=\"_blank\" rel=\"noopener\"><img decoding=\"async\" loading=\"lazy\" class=\"wp-image-132 size-full\" src=\"http:\/\/www.varjo.es\/wp-content\/uploads\/2016\/05\/Smarthome-by-EKE-logo_180x39.gif\" alt=\"Smarthome-by-EKE-logo_180x39\" width=\"180\" height=\"39\" \/><\/a><figcaption id=\"caption-attachment-132\" class=\"wp-caption-text\">EKE-Automation<\/figcaption><\/figure><\/td>\n<td>\n\n<figure id=\"attachment_128\" aria-describedby=\"caption-attachment-128\" style=\"width: 180px\" class=\"wp-caption aligncenter\"><a href=\"http:\/\/www.eke-electronics.com\/\" target=\"_blank\" rel=\"noopener\"><img decoding=\"async\" loading=\"lazy\" class=\"wp-image-128 size-full\" src=\"http:\/\/www.varjo.es\/wp-content\/uploads\/2016\/05\/EKE-ELE.jpg\" alt=\"EKE-ELE\" width=\"180\" height=\"75\" \/><\/a><figcaption id=\"caption-attachment-128\" class=\"wp-caption-text\">EKE-Electronics<\/figcaption><\/figure><\/td>\n<td>\n\n<figure id=\"attachment_130\" aria-describedby=\"caption-attachment-130\" style=\"width: 180px\" class=\"wp-caption aligncenter\"><a href=\"https:\/\/www.philips.com\/healthcare\" target=\"_blank\" rel=\"noopener\"><img decoding=\"async\" loading=\"lazy\" class=\"wp-image-130 size-full\" src=\"http:\/\/www.varjo.es\/wp-content\/uploads\/2016\/05\/Philips.png\" alt=\"Philips\" width=\"180\" height=\"84\" \/><\/a><figcaption id=\"caption-attachment-130\" class=\"wp-caption-text\">Philips Medical System<\/figcaption><\/figure><\/td>\n<\/tr>\n<\/tbody>\n<\/table>\n<table>\n<tbody>\n<tr>\n<td>\n\n<figure id=\"attachment_129\" aria-describedby=\"caption-attachment-129\" style=\"width: 180px\" class=\"wp-caption aligncenter\"><a href=\"http:\/\/www.fortum.com\/fi\/energiantuotanto\/ydinvoima\/loviisan_voimalaitos\" target=\"_blank\" rel=\"noopener\"><img decoding=\"async\" loading=\"lazy\" class=\"wp-image-129 size-full\" src=\"http:\/\/www.varjo.es\/wp-content\/uploads\/2016\/05\/Fortum.svg_.png\" alt=\"Fortum.svg\" width=\"180\" height=\"41\" \/><\/a><figcaption id=\"caption-attachment-129\" class=\"wp-caption-text\">Loviisa<\/figcaption><\/figure><\/td>\n<td><\/td>\n<td>\n\n<figure id=\"attachment_155\" aria-describedby=\"caption-attachment-155\" style=\"width: 180px\" class=\"wp-caption aligncenter\"><a href=\"http:\/\/www.atrioproperties.es\"><img decoding=\"async\" loading=\"lazy\" class=\"wp-image-155 size-full\" src=\"http:\/\/www.varjo.es\/wp-content\/uploads\/2016\/05\/Atrio.png\" alt=\"Atrio Proeperties\" width=\"180\" height=\"35\" \/><\/a><figcaption id=\"caption-attachment-155\" class=\"wp-caption-text\">Atrio Proeperties<\/figcaption><\/figure><\/td>\n<\/tr>\n<\/tbody>\n<\/table>\n<table style=\"height: 236px;\" width=\"562\">\n<tbody>\n<tr>\n<td><\/td>\n<td>\n\n<figure id=\"attachment_137\" aria-describedby=\"caption-attachment-137\" style=\"width: 180px\" class=\"wp-caption aligncenter\"><a href=\"http:\/\/www.alicante.es\" target=\"_blank\" rel=\"noopener\"><img decoding=\"async\" loading=\"lazy\" class=\"wp-image-137 size-full\" src=\"http:\/\/www.varjo.es\/wp-content\/uploads\/2016\/05\/Alicante.jpg\" alt=\"Alicante\" width=\"180\" height=\"180\" srcset=\"https:\/\/www.varjo.es\/wp-content\/uploads\/2016\/05\/Alicante.jpg 180w, https:\/\/www.varjo.es\/wp-content\/uploads\/2016\/05\/Alicante-150x150.jpg 150w\" sizes=\"(max-width: 180px) 100vw, 180px\" \/><\/a><figcaption id=\"caption-attachment-137\" class=\"wp-caption-text\">Alicante<\/figcaption><\/figure><\/td>\n<\/tr>\n<\/tbody>\n<\/table>\n\n<figure class=\"wp-block-image size-large is-resized\"><a href=\"https:\/\/koka.fi\/\" target=\"_blank\" rel=\"noreferrer noopener\"><img decoding=\"async\" class=\"wp-image-812\" src=\"http:\/\/www.varjo.es\/wp-content\/uploads\/2024\/09\/KOKA-LOGO-1024x238.jpg\" alt=\"\" width=\"320\" srcset=\"https:\/\/www.varjo.es\/wp-content\/uploads\/2024\/09\/KOKA-LOGO-1024x238.jpg 1024w, https:\/\/www.varjo.es\/wp-content\/uploads\/2024\/09\/KOKA-LOGO-300x70.jpg 300w, https:\/\/www.varjo.es\/wp-content\/uploads\/2024\/09\/KOKA-LOGO-768x178.jpg 768w, https:\/\/www.varjo.es\/wp-content\/uploads\/2024\/09\/KOKA-LOGO-1536x357.jpg 1536w, https:\/\/www.varjo.es\/wp-content\/uploads\/2024\/09\/KOKA-LOGO.jpg 1727w\" sizes=\"(max-width: 1024px) 100vw, 1024px\" \/><\/a><\/figure>","protected":false},"excerpt":{"rendered":"<p>Integritetspolicy Link a sidan \u00e4r h\u00e4r: Integritetspolicy Tomi Varjo Min utbildning \u00e4r automationsmekaniker samt elektroteknisk diplomingenj\u00f6r Mera \u00e4n 1 \u00e5rs erfarenhet fr\u00e5n k\u00e4rnkraftverks automationsservicearbete (Lovisa k\u00e4rnkraftverk) Mera \u00e4n 3 \u00e5rs erfarenhet fr\u00e5n planering av t\u00e5gelektronik (EKE-Elektroniikka) Mera \u00e4n 4 \u00e5rs<\/p>\n","protected":false},"author":1,"featured_media":0,"parent":0,"menu_order":0,"comment_status":"closed","ping_status":"closed","template":"","meta":[],"_links":{"self":[{"href":"https:\/\/www.varjo.es\/index.php\/wp-json\/wp\/v2\/pages\/628"}],"collection":[{"href":"https:\/\/www.varjo.es\/index.php\/wp-json\/wp\/v2\/pages"}],"about":[{"href":"https:\/\/www.varjo.es\/index.php\/wp-json\/wp\/v2\/types\/page"}],"author":[{"embeddable":true,"href":"https:\/\/www.varjo.es\/index.php\/wp-json\/wp\/v2\/users\/1"}],"replies":[{"embeddable":true,"href":"https:\/\/www.varjo.es\/index.php\/wp-json\/wp\/v2\/comments?post=628"}],"version-history":[{"count":7,"href":"https:\/\/www.varjo.es\/index.php\/wp-json\/wp\/v2\/pages\/628\/revisions"}],"predecessor-version":[{"id":815,"href":"https:\/\/www.varjo.es\/index.php\/wp-json\/wp\/v2\/pages\/628\/revisions\/815"}],"wp:attachment":[{"href":"https:\/\/www.varjo.es\/index.php\/wp-json\/wp\/v2\/media?parent=628"}],"curies":[{"name":"wp","href":"https:\/\/api.w.org\/{rel}","templated":true}]}}