{"id":623,"date":"2016-10-20T04:35:23","date_gmt":"2016-10-20T03:35:23","guid":{"rendered":"http:\/\/www.varjo.es\/?page_id=623"},"modified":"2024-04-21T12:45:17","modified_gmt":"2024-04-21T11:45:17","slug":"for-privatpersoner","status":"publish","type":"page","link":"https:\/\/www.varjo.es\/index.php\/sv\/for-privatpersoner\/","title":{"rendered":"F\u00f6r privatpersoner"},"content":{"rendered":"<p><span id=\"result_box\" class=\"\" lang=\"en\" style=\"color: #0000ff;\"><span title=\"Kysy rohkeasti mik\u00e4li tarvitset apua! \">Fr\u00e5ga frimodigt ifall Du beh\u00f6ver hj\u00e4lp!<\/span><\/span><\/p>\n<p><span style=\"color: #0000ff;\"><span title=\"Opettelemme parasta aikaa espanjaa. \">Vi pratar engelska, finska och svenska med reservation. Vi h\u00e5ller som b\u00e4st p\u00e5 och l\u00e4r oss spanska.<\/span><\/span><\/p>\n<p><!--more--><\/p>\n<h2><span class=\"\" lang=\"en\"><span title=\"S\u00e4hk\u00f6suunnitelmat sek\u00e4 tarvikkeet, asennus- ja huoltoty\u00f6t (Alicanten alueella) \u00a0\u00a0\u00a0\u00a0\">Elplanering samt material, installations- och servicearbeten (Alicante omr\u00e5det)<\/span><\/span><\/h2>\n<p><img decoding=\"async\" loading=\"lazy\" class=\"alignright wp-image-473 size-medium\" src=\"http:\/\/www.varjo.es\/wp-content\/uploads\/2016\/05\/measuring-electricity-1413186-300x225.jpg\" width=\"300\" height=\"225\" srcset=\"https:\/\/www.varjo.es\/wp-content\/uploads\/2016\/05\/measuring-electricity-1413186-300x225.jpg 300w, https:\/\/www.varjo.es\/wp-content\/uploads\/2016\/05\/measuring-electricity-1413186-768x576.jpg 768w, https:\/\/www.varjo.es\/wp-content\/uploads\/2016\/05\/measuring-electricity-1413186-1024x768.jpg 1024w\" sizes=\"(max-width: 300px) 100vw, 300px\" \/><\/p>\n<ul>\n<li><span id=\"result_box\" class=\"\" lang=\"en\"><span title=\"S\u00e4hk\u00f6- ja automaatiosuunnittelu pientaloihin \u2013 euroopan alueella \u00a0\u00a0\u00a0\u00a0\">El- och automationsplanering f\u00f6r sm\u00e5hus \u2013 Europa omr\u00e5det<br \/>\n<\/span><\/span><\/li>\n<li><span id=\"result_box\" class=\"\" lang=\"en\"><span title=\"S\u00e4hk\u00f6- ja automaatioasennukset \u00a0\u00a0\u00a0\u00a0\">El- och automationsinstallationer<\/span><\/span><\/li>\n<li><span id=\"result_box\" class=\"\" lang=\"en\"><span title=\"Smarthome by EKE kotiautomaatioj\u00e4rjestelm\u00e4t sek\u00e4 kameravalvonta j\u00e4rjestelm\u00e4t \u00a0\u00a0\u00a0\u00a0\">Hemautomation- samt kamera\u00f6vervakningssystem<\/span><\/span><\/li>\n<li><span id=\"result_box\" class=\"\" lang=\"en\"><span title=\"Pienet aurinkos\u00e4hk\u00f6j\u00e4rjestelm\u00e4t ja tarvikkeet \u00a0\u00a0\u00a0\u00a0\">Mindre solcells anl\u00e4ggningar samt material<\/span><\/span><\/li>\n<li><span id=\"result_box\" class=\"\" lang=\"en\"><span title=\"S\u00e4hk\u00f6laitteiden korjaus- ja huoltoty\u00f6t \u00a0\u00a0\u00a0\u00a0\">Elanl\u00e4ggningars reparation och service<\/span><\/span><\/li>\n<li>Datorers och tabletters uppdatering och r\u00e5dgivningstj\u00e4nster<\/li>\n<li><span id=\"result_box\" class=\"\" lang=\"en\"><span title=\"Kaikki kodin pienet remonttity\u00f6t \">Alla sm\u00e5 reparationsarbeten i hemmet<\/span><\/span><\/li>\n<\/ul>\n<h3>Priser<\/h3>\n<p>Planeringar fr\u00e5n 200 \u20ac (+moms), installations- och reparationsarbeten enligt avtal \/ fr\u00e5n 19 \u20ac\/h (+moms).<\/p>\n","protected":false},"excerpt":{"rendered":"<p>Fr\u00e5ga frimodigt ifall Du beh\u00f6ver hj\u00e4lp! Vi pratar engelska, finska och svenska med reservation. Vi h\u00e5ller som b\u00e4st p\u00e5 och l\u00e4r oss spanska.<\/p>\n","protected":false},"author":1,"featured_media":0,"parent":0,"menu_order":0,"comment_status":"closed","ping_status":"closed","template":"","meta":[],"_links":{"self":[{"href":"https:\/\/www.varjo.es\/index.php\/wp-json\/wp\/v2\/pages\/623"}],"collection":[{"href":"https:\/\/www.varjo.es\/index.php\/wp-json\/wp\/v2\/pages"}],"about":[{"href":"https:\/\/www.varjo.es\/index.php\/wp-json\/wp\/v2\/types\/page"}],"author":[{"embeddable":true,"href":"https:\/\/www.varjo.es\/index.php\/wp-json\/wp\/v2\/users\/1"}],"replies":[{"embeddable":true,"href":"https:\/\/www.varjo.es\/index.php\/wp-json\/wp\/v2\/comments?post=623"}],"version-history":[{"count":8,"href":"https:\/\/www.varjo.es\/index.php\/wp-json\/wp\/v2\/pages\/623\/revisions"}],"predecessor-version":[{"id":762,"href":"https:\/\/www.varjo.es\/index.php\/wp-json\/wp\/v2\/pages\/623\/revisions\/762"}],"wp:attachment":[{"href":"https:\/\/www.varjo.es\/index.php\/wp-json\/wp\/v2\/media?parent=623"}],"curies":[{"name":"wp","href":"https:\/\/api.w.org\/{rel}","templated":true}]}}