{"id":510,"date":"2016-09-22T14:31:59","date_gmt":"2016-09-22T13:31:59","guid":{"rendered":"http:\/\/www.varjo.es\/?page_id=510"},"modified":"2024-09-05T13:32:38","modified_gmt":"2024-09-05T12:32:38","slug":"aktualitet","status":"publish","type":"page","link":"https:\/\/www.varjo.es\/index.php\/sv\/aktualitet\/","title":{"rendered":"Aktualitet"},"content":{"rendered":"<p><strong>5.9.2024<\/strong><\/p>\n<p><span class=\"HwtZe\" lang=\"sv\"><span class=\"jCAhz ChMk0b\"><span class=\"ryNqvb\">Serviocios Varjo erbjuder nu en mer exakt tj\u00e4nst p\u00e5 spanska.<\/span><\/span> <span class=\"jCAhz ChMk0b\"><span class=\"ryNqvb\">Ang\u00e9lica svarar p\u00e5 f\u00f6rfr\u00e5gningar om erbjudanden och fr\u00e5gor p\u00e5 spanska.<\/span><\/span> <span class=\"jCAhz ChMk0b\"><span class=\"ryNqvb\">Du hittar deras information p\u00e5 <a href=\"https:\/\/www.varjo.es\/index.php\/sv\/kontakt-2\/\">Kontakt<\/a>.<\/span><\/span><\/span><\/p>\n<p><strong>1.4.2024<\/strong><\/p>\n<p><span id=\"result_box\" class=\"\" lang=\"sv\"><span class=\"\"><span class=\"HwtZe\" lang=\"sv\"><span class=\"jCAhz ChMk0b\"><span class=\"ryNqvb\">I framtiden kommer Servicios Varjo att betj\u00e4na sina kunder fr\u00e5n Elda stad.<\/span><\/span><\/span><\/span><\/span><\/p>\n<p><strong>1.9.2017<\/strong><\/p>\n<p><span id=\"result_box\" class=\"\" lang=\"sv\"><span class=\"\">Servicios Varjo \u00e4r nu officiellt registrerad f\u00f6r att installera\u00a0elektrisitet i Valencia regionen.<\/span><\/span><\/p>\n<p><strong>17.10.2016<\/strong><strong><img decoding=\"async\" loading=\"lazy\" class=\"wp-image-511 size-medium alignright\" src=\"http:\/\/www.varjo.es\/wp-content\/uploads\/2016\/09\/office-1469302-3-225x300.jpg\" alt=\"office-1469302\" width=\"225\" height=\"300\" srcset=\"https:\/\/www.varjo.es\/wp-content\/uploads\/2016\/09\/office-1469302-3-225x300.jpg 225w, https:\/\/www.varjo.es\/wp-content\/uploads\/2016\/09\/office-1469302-3-768x1024.jpg 768w, https:\/\/www.varjo.es\/wp-content\/uploads\/2016\/09\/office-1469302-3.jpg 1200w\" sizes=\"(max-width: 225px) 100vw, 225px\" \/><\/strong><\/p>\n<p><span id=\"result_box\" class=\"\" lang=\"sv\"> V\u00e5ra sidor \u00e4r \u00f6ppna. <span class=\"\">Vi b\u00f6rjar<\/span> <span class=\"\">v\u00e5r verksamhet<\/span> den 1.1.2017. <span id=\"result_box\" class=\"short_text\" lang=\"sv\"><span class=\"\">Vi<\/span> <span class=\"\">kommer att<\/span> <span class=\"\">svara nu p\u00e5 f\u00f6rfr\u00e5gningar om<\/span> <span class=\"\">anbud.<\/span><\/span><br \/>\n<\/span><\/p>\n<p><strong>22.9.2016<\/strong><\/p>\n<p><span id=\"result_box\" class=\"short_text\" lang=\"sv\"><span class=\"\">Vi<\/span> <span class=\"\">kommer att \u00f6ppna<\/span> <span class=\"\">v\u00e5r<\/span> <span class=\"\">fulla<\/span> <span class=\"\">hemsida<\/span> <span class=\"\">n\u00e4sta<\/span> <span class=\"\">m\u00e5nad<\/span><span class=\"\">!<\/span><\/span><\/p>\n","protected":false},"excerpt":{"rendered":"<p>5.9.2024 Serviocios Varjo erbjuder nu en mer exakt tj\u00e4nst p\u00e5 spanska. Ang\u00e9lica svarar p\u00e5 f\u00f6rfr\u00e5gningar om erbjudanden och fr\u00e5gor p\u00e5 spanska. Du hittar deras information p\u00e5 Kontakt. 1.4.2024 I framtiden kommer Servicios Varjo att betj\u00e4na sina kunder fr\u00e5n Elda stad.<\/p>\n","protected":false},"author":1,"featured_media":0,"parent":0,"menu_order":0,"comment_status":"closed","ping_status":"closed","template":"","meta":[],"_links":{"self":[{"href":"https:\/\/www.varjo.es\/index.php\/wp-json\/wp\/v2\/pages\/510"}],"collection":[{"href":"https:\/\/www.varjo.es\/index.php\/wp-json\/wp\/v2\/pages"}],"about":[{"href":"https:\/\/www.varjo.es\/index.php\/wp-json\/wp\/v2\/types\/page"}],"author":[{"embeddable":true,"href":"https:\/\/www.varjo.es\/index.php\/wp-json\/wp\/v2\/users\/1"}],"replies":[{"embeddable":true,"href":"https:\/\/www.varjo.es\/index.php\/wp-json\/wp\/v2\/comments?post=510"}],"version-history":[{"count":11,"href":"https:\/\/www.varjo.es\/index.php\/wp-json\/wp\/v2\/pages\/510\/revisions"}],"predecessor-version":[{"id":826,"href":"https:\/\/www.varjo.es\/index.php\/wp-json\/wp\/v2\/pages\/510\/revisions\/826"}],"wp:attachment":[{"href":"https:\/\/www.varjo.es\/index.php\/wp-json\/wp\/v2\/media?parent=510"}],"curies":[{"name":"wp","href":"https:\/\/api.w.org\/{rel}","templated":true}]}}