{"id":504,"date":"2016-09-22T14:28:16","date_gmt":"2016-09-22T13:28:16","guid":{"rendered":"http:\/\/www.varjo.es\/?page_id=504"},"modified":"2024-09-05T13:29:27","modified_gmt":"2024-09-05T12:29:27","slug":"noticias","status":"publish","type":"page","link":"https:\/\/www.varjo.es\/index.php\/es\/noticias\/","title":{"rendered":"Noticias"},"content":{"rendered":"<p><strong>Septiembre 5, 2024<\/strong><\/p>\n<p>Servicios Varjo ofrece ahora un servicio m\u00e1s preciso en espa\u00f1ol. Ang\u00e9lica responde a solicitudes de ofertas y consultas en espa\u00f1ol. Encontrar\u00e1 su informaci\u00f3n en la p\u00e1gina de <a href=\"https:\/\/www.varjo.es\/index.php\/es\/contacto-2\/\">Contacto<\/a>.<\/p>\n<p><strong>April 1, 2024<\/strong><\/p>\n<p><span class=\"HwtZe\" lang=\"es\"><span class=\"jCAhz ChMk0b\"><span class=\"ryNqvb\">En el futuro Servicios Varjo atender\u00e1 a sus clientes desde la ciudad de Elda.<\/span><\/span><\/span><\/p>\n<p><strong>September 1, 2017<\/strong><\/p>\n<p>Servicios Varjo <span id=\"result_box\" class=\"\" lang=\"es\"><span class=\"\">est\u00e1 ahora oficialmente registrado para trabajo con el\u00e9ctrica en Valencia<\/span><\/span><\/p>\n<p><strong>17\/10\/2016<\/strong><strong><img decoding=\"async\" loading=\"lazy\" class=\"alignright wp-image-505 size-medium\" src=\"http:\/\/www.varjo.es\/wp-content\/uploads\/2016\/09\/office-1469302-1-225x300.jpg\" alt=\"office-1469302\" width=\"225\" height=\"300\" srcset=\"https:\/\/www.varjo.es\/wp-content\/uploads\/2016\/09\/office-1469302-1-225x300.jpg 225w, https:\/\/www.varjo.es\/wp-content\/uploads\/2016\/09\/office-1469302-1-768x1024.jpg 768w, https:\/\/www.varjo.es\/wp-content\/uploads\/2016\/09\/office-1469302-1.jpg 1200w\" sizes=\"(max-width: 225px) 100vw, 225px\" \/><\/strong><\/p>\n<p>Ofreceremos todos estos servicios a partir del d\u00eda<br \/>\n01\/01\/2017. Cualquier duda sobre tarifas o servicios contacte con<br \/>\nnosotros y le daremos respuesta inmediatamente.<\/p>\n<p><strong>22\/9\/2016<\/strong><\/p>\n<p><span id=\"result_box\" class=\"short_text\" lang=\"es\"><span class=\"\">Abrimos<\/span> nuestras p\u00e1gina web completa <span class=\"\">el pr\u00f3ximo mes!<\/span><\/span><\/p>\n<p><span id=\"result_box\" class=\"short_text\" lang=\"es\"><span class=\"\">\u00a0<\/span><\/span><\/p>\n","protected":false},"excerpt":{"rendered":"<p>Septiembre 5, 2024 Servicios Varjo ofrece ahora un servicio m\u00e1s preciso en espa\u00f1ol. Ang\u00e9lica responde a solicitudes de ofertas y consultas en espa\u00f1ol. Encontrar\u00e1 su informaci\u00f3n en la p\u00e1gina de Contacto. April 1, 2024 En el futuro Servicios Varjo atender\u00e1<\/p>\n","protected":false},"author":1,"featured_media":0,"parent":0,"menu_order":0,"comment_status":"closed","ping_status":"closed","template":"","meta":[],"_links":{"self":[{"href":"https:\/\/www.varjo.es\/index.php\/wp-json\/wp\/v2\/pages\/504"}],"collection":[{"href":"https:\/\/www.varjo.es\/index.php\/wp-json\/wp\/v2\/pages"}],"about":[{"href":"https:\/\/www.varjo.es\/index.php\/wp-json\/wp\/v2\/types\/page"}],"author":[{"embeddable":true,"href":"https:\/\/www.varjo.es\/index.php\/wp-json\/wp\/v2\/users\/1"}],"replies":[{"embeddable":true,"href":"https:\/\/www.varjo.es\/index.php\/wp-json\/wp\/v2\/comments?post=504"}],"version-history":[{"count":8,"href":"https:\/\/www.varjo.es\/index.php\/wp-json\/wp\/v2\/pages\/504\/revisions"}],"predecessor-version":[{"id":822,"href":"https:\/\/www.varjo.es\/index.php\/wp-json\/wp\/v2\/pages\/504\/revisions\/822"}],"wp:attachment":[{"href":"https:\/\/www.varjo.es\/index.php\/wp-json\/wp\/v2\/media?parent=504"}],"curies":[{"name":"wp","href":"https:\/\/api.w.org\/{rel}","templated":true}]}}