{"id":501,"date":"2016-09-22T14:26:30","date_gmt":"2016-09-22T13:26:30","guid":{"rendered":"http:\/\/www.varjo.es\/?page_id=501"},"modified":"2024-09-05T13:26:21","modified_gmt":"2024-09-05T12:26:21","slug":"uutisia","status":"publish","type":"page","link":"https:\/\/www.varjo.es\/index.php\/fi\/uutisia\/","title":{"rendered":"Uutisia"},"content":{"rendered":"<p><strong>5.9.2024<\/strong><\/p>\n<p><span class=\"HwtZe\" lang=\"en\"><span class=\"jCAhz ChMk0b\"><span class=\"ryNqvb\">Servicios Varjo tarjoaa palveluita laajemmin nyt my\u00f6s espanjaksi. Angelica vastaa tarjouspyynt\u00f6ihin ja kyselyihin. L\u00f6yd\u00e4t h\u00e4nen yhteystietonsa <a href=\"https:\/\/www.varjo.es\/index.php\/fi\/contacto\/\">Yhteystiedot<\/a> sivulta.<br \/>\n<\/span><\/span><\/span><\/p>\n<p><strong>1.4.2024<\/strong><\/p>\n<p>Servicios Varjo palvelee jatkossa asiakkaitansa Eldan kaupungista k\u00e4sin.<\/p>\n<p><strong>1.9.2017<\/strong><\/p>\n<p>Servicios Varjo on nyt virallisesti rekister\u00f6itynyt tekem\u00e4\u00e4n s\u00e4hk\u00f6t\u00f6it\u00e4 Valensian maakunnassa Espanjassa.<\/p>\n<p><strong>17.10.2016<\/strong><img decoding=\"async\" loading=\"lazy\" class=\"alignright wp-image-502 size-medium\" src=\"http:\/\/www.varjo.es\/wp-content\/uploads\/2016\/09\/office-1469302-225x300.jpg\" alt=\"office-1469302\" width=\"225\" height=\"300\" srcset=\"https:\/\/www.varjo.es\/wp-content\/uploads\/2016\/09\/office-1469302-225x300.jpg 225w, https:\/\/www.varjo.es\/wp-content\/uploads\/2016\/09\/office-1469302-768x1024.jpg 768w, https:\/\/www.varjo.es\/wp-content\/uploads\/2016\/09\/office-1469302.jpg 1200w\" sizes=\"(max-width: 225px) 100vw, 225px\" \/><\/p>\n<p>WEB-sivumme ovat auki! Aloitamme toimintamme 1.1.2017. Vastaamme jo<br \/>\ntarjouspyynt\u00f6ihin.<\/p>\n<p><strong>22.9.2016<\/strong><\/p>\n<p>Avaamme WEB sivumme ensikuussa!<\/p>\n<p><strong>\u00a0<\/strong><\/p>\n","protected":false},"excerpt":{"rendered":"<p>5.9.2024 Servicios Varjo tarjoaa palveluita laajemmin nyt my\u00f6s espanjaksi. Angelica vastaa tarjouspyynt\u00f6ihin ja kyselyihin. L\u00f6yd\u00e4t h\u00e4nen yhteystietonsa Yhteystiedot sivulta. 1.4.2024 Servicios Varjo palvelee jatkossa asiakkaitansa Eldan kaupungista k\u00e4sin. 1.9.2017 Servicios Varjo on nyt virallisesti rekister\u00f6itynyt tekem\u00e4\u00e4n s\u00e4hk\u00f6t\u00f6it\u00e4 Valensian maakunnassa Espanjassa.<\/p>\n","protected":false},"author":1,"featured_media":0,"parent":0,"menu_order":0,"comment_status":"closed","ping_status":"closed","template":"","meta":[],"_links":{"self":[{"href":"https:\/\/www.varjo.es\/index.php\/wp-json\/wp\/v2\/pages\/501"}],"collection":[{"href":"https:\/\/www.varjo.es\/index.php\/wp-json\/wp\/v2\/pages"}],"about":[{"href":"https:\/\/www.varjo.es\/index.php\/wp-json\/wp\/v2\/types\/page"}],"author":[{"embeddable":true,"href":"https:\/\/www.varjo.es\/index.php\/wp-json\/wp\/v2\/users\/1"}],"replies":[{"embeddable":true,"href":"https:\/\/www.varjo.es\/index.php\/wp-json\/wp\/v2\/comments?post=501"}],"version-history":[{"count":6,"href":"https:\/\/www.varjo.es\/index.php\/wp-json\/wp\/v2\/pages\/501\/revisions"}],"predecessor-version":[{"id":820,"href":"https:\/\/www.varjo.es\/index.php\/wp-json\/wp\/v2\/pages\/501\/revisions\/820"}],"wp:attachment":[{"href":"https:\/\/www.varjo.es\/index.php\/wp-json\/wp\/v2\/media?parent=501"}],"curies":[{"name":"wp","href":"https:\/\/api.w.org\/{rel}","templated":true}]}}