{"id":444,"date":"2016-09-22T07:47:42","date_gmt":"2016-09-22T06:47:42","guid":{"rendered":"http:\/\/www.varjo.es\/?page_id=444"},"modified":"2024-09-05T13:10:16","modified_gmt":"2024-09-05T12:10:16","slug":"informacion","status":"publish","type":"page","link":"https:\/\/www.varjo.es\/index.php\/es\/informacion\/","title":{"rendered":"Informaci\u00f3n"},"content":{"rendered":"<h2><b>Pol\u00edtica de privacidad<\/b><\/h2>\n<p>Link a p\u00e1gina:\u00a0<a href=\"http:\/\/www.varjo.es\/index.php\/es\/politica-de-privacidad\/\">Pol\u00edtica de privacidad<\/a><\/p>\n<h2 style=\"text-align: left;\">Tomi Varjo<\/h2>\n<h2 style=\"text-align: left;\"><img decoding=\"async\" loading=\"lazy\" class=\"alignright wp-image-495 size-thumbnail\" src=\"http:\/\/www.varjo.es\/wp-content\/uploads\/2016\/09\/IMG_20160502_070003-150x150.jpg\" alt=\"img_20160502_070003\" width=\"150\" height=\"150\" srcset=\"https:\/\/www.varjo.es\/wp-content\/uploads\/2016\/09\/IMG_20160502_070003-150x150.jpg 150w, https:\/\/www.varjo.es\/wp-content\/uploads\/2016\/09\/IMG_20160502_070003-270x270.jpg 270w, https:\/\/www.varjo.es\/wp-content\/uploads\/2016\/09\/IMG_20160502_070003-230x230.jpg 230w\" sizes=\"(max-width: 150px) 100vw, 150px\" \/><\/h2>\n<ul>\n<li>Titulado en tecnolog\u00eda dom\u00f3tica e ingenier\u00eda el\u00e9ctrica\u00a0 M.Cs.<\/li>\n<li>1 a\u00f1o de experiencia en instrumentaci\u00f3n y trabajos de mantenimiento en una planta de energ\u00eda nuclear (en Loviisa nuclear power plant)<\/li>\n<li>3 a\u00f1os de experiencia en dise\u00f1o de trenes el\u00e9ctricos (EKE-Electronics)<\/li>\n<li>4 a\u00f1os de experiencia como director de trabajo y electricista de seguridad (EKE-Finance)<\/li>\n<li>6 a\u00f1os de experiencia en sistemas de dom\u00f3tica dise\u00f1o y administraci\u00f3n para R&amp;D (EKE-Automation).<\/li>\n<li>9 a\u00f1os de experiencia en dise\u00f1o mec\u00e1nico (Philips Medical Systems and EKE)<\/li>\n<li>10 a\u00f1os de experiencia en RF y sistemas m\u00e9dicos electr\u00f3nicos (Picker Nord Star, Marconi Medical Systems, Philips Medical Systems)<\/li>\n<\/ul>\n<h2 style=\"text-align: left;\">Enlaces<\/h2>\n<table>\n<tbody>\n<tr>\n<td>\n<figure id=\"attachment_132\" aria-describedby=\"caption-attachment-132\" style=\"width: 180px\" class=\"wp-caption aligncenter\"><a href=\"http:\/\/Smarthome.eke.com\" target=\"_blank\" rel=\"noopener\"><img decoding=\"async\" loading=\"lazy\" class=\"wp-image-132 size-full\" src=\"http:\/\/www.varjo.es\/wp-content\/uploads\/2016\/05\/Smarthome-by-EKE-logo_180x39.gif\" alt=\"Smarthome-by-EKE-logo_180x39\" width=\"180\" height=\"39\" \/><\/a><figcaption id=\"caption-attachment-132\" class=\"wp-caption-text\">EKE-Automation<\/figcaption><\/figure>\n<\/td>\n<td>\n<figure id=\"attachment_128\" aria-describedby=\"caption-attachment-128\" style=\"width: 180px\" class=\"wp-caption aligncenter\"><a href=\"http:\/\/www.eke-electronics.com\/\" target=\"_blank\" rel=\"noopener\"><img decoding=\"async\" loading=\"lazy\" class=\"wp-image-128 size-full\" src=\"http:\/\/www.varjo.es\/wp-content\/uploads\/2016\/05\/EKE-ELE.jpg\" alt=\"EKE-ELE\" width=\"180\" height=\"75\" \/><\/a><figcaption id=\"caption-attachment-128\" class=\"wp-caption-text\">EKE-Electronics<\/figcaption><\/figure>\n<\/td>\n<td>\n<figure id=\"attachment_130\" aria-describedby=\"caption-attachment-130\" style=\"width: 180px\" class=\"wp-caption aligncenter\"><a href=\"https:\/\/www.philips.es\/healthcare\"><img decoding=\"async\" loading=\"lazy\" class=\"wp-image-130 size-full\" src=\"http:\/\/www.varjo.es\/wp-content\/uploads\/2016\/05\/Philips.png\" alt=\"Philips\" width=\"180\" height=\"84\" \/><\/a><figcaption id=\"caption-attachment-130\" class=\"wp-caption-text\">Philips Medical System<\/figcaption><\/figure>\n<\/td>\n<\/tr>\n<\/tbody>\n<\/table>\n<table>\n<tbody>\n<tr>\n<td>\n<figure id=\"attachment_129\" aria-describedby=\"caption-attachment-129\" style=\"width: 180px\" class=\"wp-caption aligncenter\"><a href=\"http:\/\/www.fortum.com\/fi\/energiantuotanto\/ydinvoima\/loviisan_voimalaitos\" target=\"_blank\" rel=\"noopener\"><img decoding=\"async\" loading=\"lazy\" class=\"wp-image-129 size-full\" src=\"http:\/\/www.varjo.es\/wp-content\/uploads\/2016\/05\/Fortum.svg_.png\" alt=\"Fortum.svg\" width=\"180\" height=\"41\" \/><\/a><figcaption id=\"caption-attachment-129\" class=\"wp-caption-text\">Loviisa<\/figcaption><\/figure>\n<\/td>\n<td>\u00a0<\/td>\n<td>\n<figure id=\"attachment_155\" aria-describedby=\"caption-attachment-155\" style=\"width: 180px\" class=\"wp-caption aligncenter\"><a href=\"http:\/\/www.atrioproperties.es\" target=\"_blank\" rel=\"noopener\"><img decoding=\"async\" loading=\"lazy\" class=\"wp-image-155 size-full\" src=\"http:\/\/www.varjo.es\/wp-content\/uploads\/2016\/05\/Atrio.png\" alt=\"Atrio Proeperties\" width=\"180\" height=\"35\" \/><\/a><figcaption id=\"caption-attachment-155\" class=\"wp-caption-text\">Atrio Proeperties<\/figcaption><\/figure>\n<\/td>\n<\/tr>\n<\/tbody>\n<\/table>\n<table style=\"height: 236px;\" width=\"562\">\n<tbody>\n<tr>\n<td>\u00a0<\/td>\n<td>\n<figure id=\"attachment_137\" aria-describedby=\"caption-attachment-137\" style=\"width: 180px\" class=\"wp-caption aligncenter\"><a href=\"http:\/\/www.alicante.es\" target=\"_blank\" rel=\"noopener\"><img decoding=\"async\" loading=\"lazy\" class=\"wp-image-137 size-full\" src=\"http:\/\/www.varjo.es\/wp-content\/uploads\/2016\/05\/Alicante.jpg\" alt=\"Alicante\" width=\"180\" height=\"180\" srcset=\"https:\/\/www.varjo.es\/wp-content\/uploads\/2016\/05\/Alicante.jpg 180w, https:\/\/www.varjo.es\/wp-content\/uploads\/2016\/05\/Alicante-150x150.jpg 150w\" sizes=\"(max-width: 180px) 100vw, 180px\" \/><\/a><figcaption id=\"caption-attachment-137\" class=\"wp-caption-text\">Alicante<\/figcaption><\/figure>\n<\/td>\n<\/tr>\n<\/tbody>\n<\/table>\n\n\n<figure class=\"wp-block-image size-large is-resized\"><a href=\"https:\/\/koka.fi\/\" target=\"_blank\" rel=\"noreferrer noopener\"><img decoding=\"async\" src=\"http:\/\/www.varjo.es\/wp-content\/uploads\/2024\/09\/KOKA-LOGO-1024x238.jpg\" alt=\"\" class=\"wp-image-812\" width=\"320\" srcset=\"https:\/\/www.varjo.es\/wp-content\/uploads\/2024\/09\/KOKA-LOGO-1024x238.jpg 1024w, https:\/\/www.varjo.es\/wp-content\/uploads\/2024\/09\/KOKA-LOGO-300x70.jpg 300w, https:\/\/www.varjo.es\/wp-content\/uploads\/2024\/09\/KOKA-LOGO-768x178.jpg 768w, https:\/\/www.varjo.es\/wp-content\/uploads\/2024\/09\/KOKA-LOGO-1536x357.jpg 1536w, https:\/\/www.varjo.es\/wp-content\/uploads\/2024\/09\/KOKA-LOGO.jpg 1727w\" sizes=\"(max-width: 1024px) 100vw, 1024px\" \/><\/a><\/figure>\n","protected":false},"excerpt":{"rendered":"<p>Pol\u00edtica de privacidad Link a p\u00e1gina:\u00a0Pol\u00edtica de privacidad Tomi Varjo Titulado en tecnolog\u00eda dom\u00f3tica e ingenier\u00eda el\u00e9ctrica\u00a0 M.Cs. 1 a\u00f1o de experiencia en instrumentaci\u00f3n y trabajos de mantenimiento en una planta de energ\u00eda nuclear (en Loviisa nuclear power plant) 3<\/p>\n","protected":false},"author":1,"featured_media":0,"parent":0,"menu_order":0,"comment_status":"closed","ping_status":"closed","template":"","meta":[],"_links":{"self":[{"href":"https:\/\/www.varjo.es\/index.php\/wp-json\/wp\/v2\/pages\/444"}],"collection":[{"href":"https:\/\/www.varjo.es\/index.php\/wp-json\/wp\/v2\/pages"}],"about":[{"href":"https:\/\/www.varjo.es\/index.php\/wp-json\/wp\/v2\/types\/page"}],"author":[{"embeddable":true,"href":"https:\/\/www.varjo.es\/index.php\/wp-json\/wp\/v2\/users\/1"}],"replies":[{"embeddable":true,"href":"https:\/\/www.varjo.es\/index.php\/wp-json\/wp\/v2\/comments?post=444"}],"version-history":[{"count":13,"href":"https:\/\/www.varjo.es\/index.php\/wp-json\/wp\/v2\/pages\/444\/revisions"}],"predecessor-version":[{"id":813,"href":"https:\/\/www.varjo.es\/index.php\/wp-json\/wp\/v2\/pages\/444\/revisions\/813"}],"wp:attachment":[{"href":"https:\/\/www.varjo.es\/index.php\/wp-json\/wp\/v2\/media?parent=444"}],"curies":[{"name":"wp","href":"https:\/\/api.w.org\/{rel}","templated":true}]}}