{"id":434,"date":"2016-09-22T06:23:30","date_gmt":"2016-09-22T05:23:30","guid":{"rendered":"http:\/\/www.varjo.es\/?page_id=434"},"modified":"2024-04-21T12:45:38","modified_gmt":"2024-04-21T11:45:38","slug":"particular","status":"publish","type":"page","link":"https:\/\/www.varjo.es\/index.php\/es\/particular\/","title":{"rendered":"Particular"},"content":{"rendered":"<p><span id=\"result_box\" class=\"\" lang=\"en\" style=\"color: #0000ff;\"><span title=\"Kysy rohkeasti mik\u00e4li tarvitset apua! \">Contacta y comprueba nuestra experiencia!<\/span><\/span><\/p>\n<p><span style=\"color: #0000ff;\"><span title=\"Opettelemme parasta aikaa espanjaa. \">Hablamos\u00a0 Ingl\u00e9s,\u00a0 Fin\u00e9s, Sueco y un poco de Espa\u00f1ol.<\/span><\/span><\/p>\n<p><!--more--><\/p>\n<h2><span class=\"\" lang=\"en\"><span title=\"S\u00e4hk\u00f6suunnitelmat sek\u00e4 tarvikkeet, asennus- ja huoltoty\u00f6t (Alicanten alueella) \u00a0\u00a0\u00a0\u00a0\">Planos el\u00e9ctricos y accesorios, instalaci\u00f3n y mantenimiento en la zona de Alicante<\/span><\/span><\/h2>\n<p><img decoding=\"async\" loading=\"lazy\" class=\"alignright wp-image-475 size-medium\" src=\"http:\/\/www.varjo.es\/wp-content\/uploads\/2016\/09\/measuring-electricity-1413186-300x225.jpg\" width=\"300\" height=\"225\" srcset=\"https:\/\/www.varjo.es\/wp-content\/uploads\/2016\/09\/measuring-electricity-1413186-300x225.jpg 300w, https:\/\/www.varjo.es\/wp-content\/uploads\/2016\/09\/measuring-electricity-1413186-768x576.jpg 768w, https:\/\/www.varjo.es\/wp-content\/uploads\/2016\/09\/measuring-electricity-1413186-1024x768.jpg 1024w\" sizes=\"(max-width: 300px) 100vw, 300px\" \/><\/p>\n<ul>\n<li>Planos el\u00e9ctricos y dom\u00f3tica para viviendas en Europa<\/li>\n<li>Instalaciones a medida<\/li>\n<li>Dom\u00f3tica y sistemas de video vigilancia.<\/li>\n<li>Proveemos accesorios para sistemas solares<\/li>\n<li>Reparaci\u00f3n y mantenimiento equipos el\u00e9ctrico<\/li>\n<li>Asistencia y reparaci\u00f3n de ordenadores y tablets.<\/li>\n<li>Peque\u00f1as obras de restauraci\u00f3n en casas<\/li>\n<\/ul>\n<h3>Precios<\/h3>\n<p><span id=\"result_box\" class=\"\" lang=\"en\"><span title=\"Suunnitelmat alkaen 200\u20ac (+alv), asennus ja remonttity\u00f6t sopimuksen mukaan \/ alkaen 19\u20ac\/h (+alv). \">Desde 200 \u20ac (+ IVA), instalaci\u00f3n trabajos de reparaci\u00f3n desde 19 \u20ac\/h (+IVA).<\/span><\/span><span id=\"result_box\" class=\"\" lang=\"en\"><\/span><\/p>\n","protected":false},"excerpt":{"rendered":"<p>Contacta y comprueba nuestra experiencia! Hablamos\u00a0 Ingl\u00e9s,\u00a0 Fin\u00e9s, Sueco y un poco de Espa\u00f1ol.<\/p>\n","protected":false},"author":1,"featured_media":0,"parent":0,"menu_order":0,"comment_status":"closed","ping_status":"closed","template":"","meta":[],"_links":{"self":[{"href":"https:\/\/www.varjo.es\/index.php\/wp-json\/wp\/v2\/pages\/434"}],"collection":[{"href":"https:\/\/www.varjo.es\/index.php\/wp-json\/wp\/v2\/pages"}],"about":[{"href":"https:\/\/www.varjo.es\/index.php\/wp-json\/wp\/v2\/types\/page"}],"author":[{"embeddable":true,"href":"https:\/\/www.varjo.es\/index.php\/wp-json\/wp\/v2\/users\/1"}],"replies":[{"embeddable":true,"href":"https:\/\/www.varjo.es\/index.php\/wp-json\/wp\/v2\/comments?post=434"}],"version-history":[{"count":6,"href":"https:\/\/www.varjo.es\/index.php\/wp-json\/wp\/v2\/pages\/434\/revisions"}],"predecessor-version":[{"id":763,"href":"https:\/\/www.varjo.es\/index.php\/wp-json\/wp\/v2\/pages\/434\/revisions\/763"}],"wp:attachment":[{"href":"https:\/\/www.varjo.es\/index.php\/wp-json\/wp\/v2\/media?parent=434"}],"curies":[{"name":"wp","href":"https:\/\/api.w.org\/{rel}","templated":true}]}}