{"id":430,"date":"2016-09-22T06:19:20","date_gmt":"2016-09-22T05:19:20","guid":{"rendered":"http:\/\/www.varjo.es\/?page_id=430"},"modified":"2016-10-20T04:53:42","modified_gmt":"2016-10-20T03:53:42","slug":"empresas","status":"publish","type":"page","link":"https:\/\/www.varjo.es\/index.php\/es\/empresas\/","title":{"rendered":"Empresas"},"content":{"rendered":"<p><span style=\"color: #3366ff;\"><span style=\"color: #0000ff;\"><span id=\"result_box\" class=\"\" lang=\"en\"><span title=\"Ty\u00f6kielen\u00e4 englanti ja suomi.\">Solicite presupuesto para cualquiera de los servicios que ofrecemos.<\/span><\/span><\/span><\/span><\/p>\n<p><span style=\"color: #3366ff;\"><span style=\"color: #0000ff;\"><span id=\"result_box\" class=\"\" lang=\"en\"><span title=\"Ty\u00f6kielen\u00e4 englanti ja suomi.\">Hablamos Finland\u00e9s ,Ingl\u00e9s y un poco de Espa\u00f1ol<\/span><span title=\"Espanja toistaiseksi varauksella. \">.<br \/>\n<\/span><\/span><\/span><!--more--><\/span><\/p>\n<h2><span id=\"result_box\" class=\"\" lang=\"en\"><span title=\"Palvelut elektroniikkateollisuudelle \u00a0\u00a0\u00a0\u00a0\">Servicios prestados en compa\u00f1ias electronicas<img decoding=\"async\" loading=\"lazy\" class=\"alignright wp-image-466 size-medium\" src=\"http:\/\/www.varjo.es\/wp-content\/uploads\/2016\/09\/electronic-1240807-1-300x200.jpg\" alt=\"electronic-1240807\" width=\"300\" height=\"200\" srcset=\"https:\/\/www.varjo.es\/wp-content\/uploads\/2016\/09\/electronic-1240807-1-300x200.jpg 300w, https:\/\/www.varjo.es\/wp-content\/uploads\/2016\/09\/electronic-1240807-1-768x512.jpg 768w, https:\/\/www.varjo.es\/wp-content\/uploads\/2016\/09\/electronic-1240807-1-1024x683.jpg 1024w\" sizes=\"(max-width: 300px) 100vw, 300px\" \/><br \/>\n<\/span><\/span><\/h2>\n<ul>\n<li><span id=\"result_box\" class=\"\" lang=\"en\"><span title=\"RF ja Elektroniikka suunnittelu.\">RF y dise\u00f1o electr\u00f3nico. <\/span><\/span><span id=\"result_box\" class=\"\" lang=\"en\"><span title=\"RF ja Elektroniikka suunnittelu.\">Manejo y uso de CADSOFT Eagle software<\/span><\/span><\/li>\n<li><span id=\"result_box\" class=\"\" lang=\"en\"><span title=\"RF ja Elektroniikka suunnittelu.\">Dise\u00f1o mec\u00e1nico en 3D con ProE y en 2D con AutoCad<\/span><\/span><\/li>\n<li><span id=\"result_box\" class=\"\" lang=\"en\"><span title=\"RF ja Elektroniikka suunnittelu.\">Adaptaci\u00f3n de prototipos y pre-series antes de su producci\u00f3n<\/span><\/span><\/li>\n<li><span id=\"result_box\" class=\"\" lang=\"en\"><span title=\"RF ja Elektroniikka suunnittelu.\">Evaluaci\u00f3n y pruebas de los prototipos.<\/span><\/span><\/li>\n<li><span id=\"result_box\" class=\"\" lang=\"en\"><span title=\"RF ja Elektroniikka suunnittelu.\">Gesti\u00f3n de documentaci\u00f3n por producci\u00f3n<\/span><\/span><\/li>\n<li><span id=\"result_box\" class=\"\" lang=\"en\"><span title=\"RF ja Elektroniikka suunnittelu.\">Consulta de pruebas tipo (EMC y seguridad el\u00e9ctrica)<\/span><\/span><\/li>\n<li><span id=\"result_box\" class=\"\" lang=\"en\"><span title=\"RF ja Elektroniikka suunnittelu.\">Consulta y soluci\u00f3n de problemas del conjunto el\u00e9ctrico<\/span><\/span><\/li>\n<\/ul>\n<h3>Precios<\/h3>\n<p><span id=\"result_box\" class=\"\" lang=\"en\"><span title=\"Riippuen projektin laajuudesta ja kestosta on tuntihintani 50 - 75 \u20ac\/h (alv. 0%) \/ tarjouksen mukaisesti. \">Dependiendo de la extensi\u00f3n y duraci\u00f3n del proyecto, la tarifa por hora es de 50 \u20ac\/h a 75 \u20ac\/h (sin IVA).<br \/>\n<\/span><\/span><\/p>\n<h2><span id=\"result_box\" class=\"\" lang=\"en\"><span title=\"Palvelut yritysjohdolle \u00a0\u00a0\u00a0\u00a0\">Servicios para la administraci\u00f3n de empresas<\/span><\/span><\/h2>\n<h2><span id=\"result_box\" class=\"\" lang=\"en\"><span title=\"Palvelut yritysjohdolle \u00a0\u00a0\u00a0\u00a0\"><img decoding=\"async\" loading=\"lazy\" class=\"alignright wp-image-488 size-medium\" src=\"http:\/\/www.varjo.es\/wp-content\/uploads\/2016\/09\/office-work-7-1238270-300x200.jpg\" width=\"300\" height=\"200\" srcset=\"https:\/\/www.varjo.es\/wp-content\/uploads\/2016\/09\/office-work-7-1238270-300x200.jpg 300w, https:\/\/www.varjo.es\/wp-content\/uploads\/2016\/09\/office-work-7-1238270-768x512.jpg 768w, https:\/\/www.varjo.es\/wp-content\/uploads\/2016\/09\/office-work-7-1238270-1024x683.jpg 1024w\" sizes=\"(max-width: 300px) 100vw, 300px\" \/><\/span><\/span><\/h2>\n<ul>\n<li><span id=\"result_box\" class=\"\" lang=\"en\"><\/span><span id=\"result_box\" class=\"\" lang=\"en\"><\/span><span id=\"result_box\" class=\"\" lang=\"en\"><span title=\"Markkinakartoitukset \">Evaluar las capacidades de futuros empleados <\/span><\/span><\/li>\n<li><span id=\"result_box\" class=\"short_text\" lang=\"es\"><span class=\"\">Consultor\u00eda de gesti\u00f3n<\/span><\/span><\/li>\n<li><span id=\"result_box\" class=\"\" lang=\"en\"><span title=\"Markkinakartoitukset \">Estudios de Mercado<\/span><\/span><\/li>\n<\/ul>\n<h3>Precios<\/h3>\n<p>Seg\u00fan los requisitos.<\/p>\n","protected":false},"excerpt":{"rendered":"<p>Solicite presupuesto para cualquiera de los servicios que ofrecemos. Hablamos Finland\u00e9s ,Ingl\u00e9s y un poco de Espa\u00f1ol.<\/p>\n","protected":false},"author":1,"featured_media":0,"parent":0,"menu_order":0,"comment_status":"closed","ping_status":"closed","template":"","meta":[],"_links":{"self":[{"href":"https:\/\/www.varjo.es\/index.php\/wp-json\/wp\/v2\/pages\/430"}],"collection":[{"href":"https:\/\/www.varjo.es\/index.php\/wp-json\/wp\/v2\/pages"}],"about":[{"href":"https:\/\/www.varjo.es\/index.php\/wp-json\/wp\/v2\/types\/page"}],"author":[{"embeddable":true,"href":"https:\/\/www.varjo.es\/index.php\/wp-json\/wp\/v2\/users\/1"}],"replies":[{"embeddable":true,"href":"https:\/\/www.varjo.es\/index.php\/wp-json\/wp\/v2\/comments?post=430"}],"version-history":[{"count":8,"href":"https:\/\/www.varjo.es\/index.php\/wp-json\/wp\/v2\/pages\/430\/revisions"}],"predecessor-version":[{"id":467,"href":"https:\/\/www.varjo.es\/index.php\/wp-json\/wp\/v2\/pages\/430\/revisions\/467"}],"wp:attachment":[{"href":"https:\/\/www.varjo.es\/index.php\/wp-json\/wp\/v2\/media?parent=430"}],"curies":[{"name":"wp","href":"https:\/\/api.w.org\/{rel}","templated":true}]}}