{"id":227,"date":"2016-05-26T08:48:45","date_gmt":"2016-05-26T07:48:45","guid":{"rendered":"http:\/\/www.varjo.es\/?page_id=227"},"modified":"2016-10-17T04:36:41","modified_gmt":"2016-10-17T03:36:41","slug":"companies","status":"publish","type":"page","link":"https:\/\/www.varjo.es\/index.php\/en\/companies\/","title":{"rendered":"Companies"},"content":{"rendered":"<p><span style=\"color: #0000ff;\"><span id=\"result_box\" class=\"\" lang=\"en\"><span title=\"Pyyd\u00e4 tarjous alla olevista palveluista! \">Please request a quote for the below services!<\/span><\/span><br \/>\n<\/span><\/p>\n<p><span style=\"color: #3366ff;\"><span style=\"color: #0000ff;\">We speak<span id=\"result_box\" class=\"\" lang=\"en\"><span title=\"Ty\u00f6kielen\u00e4 englanti ja suomi.\"> English, Finnish and some Spanish<\/span><span title=\"Espanja toistaiseksi varauksella. \"><br \/>\n<\/span><\/span><\/span><!--more--><\/span><\/p>\n<h2><span id=\"result_box\" class=\"\" lang=\"en\"><span title=\"Palvelut elektroniikkateollisuudelle \u00a0\u00a0\u00a0\u00a0\">Services for electronics companies<img decoding=\"async\" loading=\"lazy\" class=\"alignright wp-image-460 size-medium\" src=\"http:\/\/www.varjo.es\/wp-content\/uploads\/2016\/05\/electronic-1240807-300x200.jpg\" alt=\"electronic-1240807\" width=\"300\" height=\"200\" srcset=\"https:\/\/www.varjo.es\/wp-content\/uploads\/2016\/05\/electronic-1240807-300x200.jpg 300w, https:\/\/www.varjo.es\/wp-content\/uploads\/2016\/05\/electronic-1240807-768x512.jpg 768w, https:\/\/www.varjo.es\/wp-content\/uploads\/2016\/05\/electronic-1240807-1024x683.jpg 1024w\" sizes=\"(max-width: 300px) 100vw, 300px\" \/><\/span><\/span><\/h2>\n<ul>\n<li><span id=\"result_box\" class=\"\" lang=\"en\"><span title=\"RF ja Elektroniikka suunnittelu.\">RF and electronic designs. We use <\/span><span title=\"Ohjelmistona Cadsoft Eagle \u00a0\u00a0\u00a0\u00a0\">CADSOFT Eagle software<br \/>\n<\/span><\/span><\/li>\n<li><span id=\"result_box\" class=\"\" lang=\"en\"><span title=\"Mekaniikka suunnittelu ja mallinnus 3D:n\u00e4 ProE:ll\u00e4 sek\u00e4 2D:n\u00e4 AutoCad:ll\u00e4 \u00a0\u00a0\u00a0\u00a0\">Mechanical design in 3D with ProE and in 2D with AutoCad<br \/>\n<\/span><\/span><\/li>\n<li><span id=\"result_box\" class=\"\" lang=\"en\"><span title=\"Prototyyppien ja tuotannon alkusarjojen hankiminen \/ j\u00e4rjest\u00e4minen \u00a0\u00a0\u00a0\u00a0\">Arranging prototypes and pre-series before production<br \/>\n<\/span><\/span><\/li>\n<li><span id=\"result_box\" class=\"\" lang=\"en\"><span title=\"Prototyyppien evaluointi ja testaus \u00a0\u00a0\u00a0\u00a0\">Evaluation and testing of prototypes<\/span><\/span><\/li>\n<li><span id=\"result_box\" class=\"\" lang=\"en\"><span title=\"Tuotantodokumentaation j\u00e4rjest\u00e4minen \u00a0\u00a0\u00a0\u00a0\">Arranging production documentation<\/span><\/span><\/li>\n<li><span id=\"result_box\" class=\"\" lang=\"en\"><span title=\"Tyyppitestaus (EMC ja s\u00e4hk\u00f6turvallisuus) konsultointi \u00a0\u00a0\u00a0\u00a0\">Consultation in type Testing (EMC and electrical safety)<br \/>\n<\/span><\/span><\/li>\n<li><span id=\"result_box\" class=\"\" lang=\"en\"><span title=\"Tuotanto-ongelmien selvitt\u00e4minen elektroniikka kokoonpanoissa \">Consultation in solving production problems with electronic assemblies<br \/>\n<\/span><\/span><\/li>\n<\/ul>\n<h3>Prices<\/h3>\n<p><span id=\"result_box\" class=\"\" lang=\"en\"><span title=\"Riippuen projektin laajuudesta ja kestosta on tuntihintani 50 - 75 \u20ac\/h (alv. 0%) \/ tarjouksen mukaisesti. \">Depending on the extent and duration of the project my hourly rate is 50 \u20ac\/h to 75 \u20ac\/h (VAT 0%.).<\/span><\/span><\/p>\n<h2><span id=\"result_box\" class=\"\" lang=\"en\"><span title=\"Palvelut yritysjohdolle \u00a0\u00a0\u00a0\u00a0\">Services for business management<\/span><\/span><\/h2>\n<h2><span id=\"result_box\" class=\"\" lang=\"en\"><span title=\"Palvelut yritysjohdolle \u00a0\u00a0\u00a0\u00a0\"><img decoding=\"async\" loading=\"lazy\" class=\"alignright wp-image-486 size-medium\" src=\"http:\/\/www.varjo.es\/wp-content\/uploads\/2016\/05\/office-work-7-1238270-1-300x200.jpg\" width=\"300\" height=\"200\" srcset=\"https:\/\/www.varjo.es\/wp-content\/uploads\/2016\/05\/office-work-7-1238270-1-300x200.jpg 300w, https:\/\/www.varjo.es\/wp-content\/uploads\/2016\/05\/office-work-7-1238270-1-768x512.jpg 768w, https:\/\/www.varjo.es\/wp-content\/uploads\/2016\/05\/office-work-7-1238270-1-1024x683.jpg 1024w\" sizes=\"(max-width: 300px) 100vw, 300px\" \/><\/span><\/span><\/h2>\n<ul>\n<li><span id=\"result_box\" class=\"\" lang=\"en\"><span title=\"Henkil\u00f6st\u00f6arviot teollisuuden rektytoinneissa \u00a0\u00a0\u00a0\u00a0\">Assessing any future employee&#8217;s capabilities<\/span><\/span><\/li>\n<li><span id=\"result_box\" class=\"\" lang=\"en\"><span title=\"Johdon konsultointi \u00a0\u00a0\u00a0\u00a0\">Management consulting<\/span><\/span><\/li>\n<li><span id=\"result_box\" class=\"\" lang=\"en\"><span title=\"Markkinakartoitukset \">Market surveys<\/span><\/span><\/li>\n<\/ul>\n<h3>Prices<\/h3>\n<p>A<span id=\"result_box\" class=\"\" lang=\"en\"><span title=\"Riippuen projektin laajuudesta ja kestosta on tuntihintani 50 - 75 \u20ac\/h (alv. 0%) \/ tarjouksen mukaisesti. \">ccording to requirements<\/span><\/span>.<\/p>\n<h2>Call centre assistance<\/h2>\n<h2><img decoding=\"async\" loading=\"lazy\" class=\"alignright wp-image-463 size-medium\" src=\"http:\/\/www.varjo.es\/wp-content\/uploads\/2016\/05\/callcenter-1240345-300x225.jpg\" alt=\"callcenter-1240345\" width=\"300\" height=\"225\" srcset=\"https:\/\/www.varjo.es\/wp-content\/uploads\/2016\/05\/callcenter-1240345-300x225.jpg 300w, https:\/\/www.varjo.es\/wp-content\/uploads\/2016\/05\/callcenter-1240345-768x576.jpg 768w, https:\/\/www.varjo.es\/wp-content\/uploads\/2016\/05\/callcenter-1240345-1024x768.jpg 1024w, https:\/\/www.varjo.es\/wp-content\/uploads\/2016\/05\/callcenter-1240345.jpg 2048w\" sizes=\"(max-width: 300px) 100vw, 300px\" \/><\/h2>\n<ul>\n<li><span id=\"result_box\" class=\"\" lang=\"en\"><span title=\"Tietotekniikkaan ja kommunikointiin liittyv\u00e4t help desk palvelut \u00a0\u00a0\u00a0\u00a0\">Information technology and communication related help desk services in English and Finnish<br \/>\n<\/span><\/span><\/li>\n<li><span id=\"result_box\" class=\"\" lang=\"en\"><span title=\"Tukis\u00e4hk\u00f6postin seuranta ja niihin vastaaminen \"> Following service emails and responding to them<br \/>\n<\/span><\/span><\/li>\n<\/ul>\n<h3>Prices<\/h3>\n<p>According <span id=\"result_box\" class=\"\" lang=\"en\"><span title=\"Tarjouksen perusteella.\">to requirements, w<\/span><\/span>e charge a flat monthly rate with a minimum contract of 6 months. The fee to be agreed.<\/p>\n","protected":false},"excerpt":{"rendered":"<p>Please request a quote for the below services! We speak English, Finnish and some Spanish<\/p>\n","protected":false},"author":1,"featured_media":0,"parent":0,"menu_order":0,"comment_status":"closed","ping_status":"closed","template":"","meta":[],"_links":{"self":[{"href":"https:\/\/www.varjo.es\/index.php\/wp-json\/wp\/v2\/pages\/227"}],"collection":[{"href":"https:\/\/www.varjo.es\/index.php\/wp-json\/wp\/v2\/pages"}],"about":[{"href":"https:\/\/www.varjo.es\/index.php\/wp-json\/wp\/v2\/types\/page"}],"author":[{"embeddable":true,"href":"https:\/\/www.varjo.es\/index.php\/wp-json\/wp\/v2\/users\/1"}],"replies":[{"embeddable":true,"href":"https:\/\/www.varjo.es\/index.php\/wp-json\/wp\/v2\/comments?post=227"}],"version-history":[{"count":20,"href":"https:\/\/www.varjo.es\/index.php\/wp-json\/wp\/v2\/pages\/227\/revisions"}],"predecessor-version":[{"id":605,"href":"https:\/\/www.varjo.es\/index.php\/wp-json\/wp\/v2\/pages\/227\/revisions\/605"}],"wp:attachment":[{"href":"https:\/\/www.varjo.es\/index.php\/wp-json\/wp\/v2\/media?parent=227"}],"curies":[{"name":"wp","href":"https:\/\/api.w.org\/{rel}","templated":true}]}}