{"id":222,"date":"2016-05-26T08:20:41","date_gmt":"2016-05-26T07:20:41","guid":{"rendered":"http:\/\/www.varjo.es\/?page_id=222"},"modified":"2024-04-21T12:45:04","modified_gmt":"2024-04-21T11:45:04","slug":"individuals","status":"publish","type":"page","link":"https:\/\/www.varjo.es\/index.php\/en\/individuals\/","title":{"rendered":"Individuals"},"content":{"rendered":"<p><span id=\"result_box\" class=\"\" lang=\"en\" style=\"color: #0000ff;\"><span title=\"Kysy rohkeasti mik\u00e4li tarvitset apua! \">Feel free to ask if you need help!<\/span><\/span><\/p>\n<p><span style=\"color: #0000ff;\"><span title=\"Puhumme englantia, suomea ja varauksella ruotsia.\">We speak English, Finnish and a little Swedish. <\/span><span title=\"Opettelemme parasta aikaa espanjaa. \">Currently we are learning Spanish.<\/span><\/span><\/p>\n<p><!--more--><\/p>\n<h2><span class=\"\" lang=\"en\"><span title=\"S\u00e4hk\u00f6suunnitelmat sek\u00e4 tarvikkeet, asennus- ja huoltoty\u00f6t (Alicanten alueella) \u00a0\u00a0\u00a0\u00a0\">Electrical plans and accessories, installation and maintenance (Alicante area)<\/span><\/span><\/h2>\n<p><img decoding=\"async\" loading=\"lazy\" class=\"alignright wp-image-473 size-medium\" src=\"http:\/\/www.varjo.es\/wp-content\/uploads\/2016\/05\/measuring-electricity-1413186-300x225.jpg\" width=\"300\" height=\"225\" srcset=\"https:\/\/www.varjo.es\/wp-content\/uploads\/2016\/05\/measuring-electricity-1413186-300x225.jpg 300w, https:\/\/www.varjo.es\/wp-content\/uploads\/2016\/05\/measuring-electricity-1413186-768x576.jpg 768w, https:\/\/www.varjo.es\/wp-content\/uploads\/2016\/05\/measuring-electricity-1413186-1024x768.jpg 1024w\" sizes=\"(max-width: 300px) 100vw, 300px\" \/><\/p>\n<ul>\n<li><span id=\"result_box\" class=\"\" lang=\"en\"><span title=\"S\u00e4hk\u00f6- ja automaatiosuunnittelu pientaloihin \u2013 euroopan alueella \u00a0\u00a0\u00a0\u00a0\">Electrical and automation plans for small homes in Europe<br \/>\n<\/span><\/span><\/li>\n<li><span id=\"result_box\" class=\"\" lang=\"en\"><span title=\"S\u00e4hk\u00f6- ja automaatioasennukset \u00a0\u00a0\u00a0\u00a0\">Electrical and automation installations<\/span><\/span><\/li>\n<li><span id=\"result_box\" class=\"\" lang=\"en\"><span title=\"Smarthome by EKE kotiautomaatioj\u00e4rjestelm\u00e4t sek\u00e4 kameravalvonta j\u00e4rjestelm\u00e4t \u00a0\u00a0\u00a0\u00a0\">Home automation and video surveillance systems<\/span><\/span><\/li>\n<li><span id=\"result_box\" class=\"\" lang=\"en\"><span title=\"Pienet aurinkos\u00e4hk\u00f6j\u00e4rjestelm\u00e4t ja tarvikkeet \u00a0\u00a0\u00a0\u00a0\">Small solar systems and accessories<\/span><\/span><\/li>\n<li><span id=\"result_box\" class=\"\" lang=\"en\"><span title=\"S\u00e4hk\u00f6laitteiden korjaus- ja huoltoty\u00f6t \u00a0\u00a0\u00a0\u00a0\">Electrical equipment repair and maintenance<\/span><\/span><\/li>\n<li>Assistance with computers and tablets<\/li>\n<li><span id=\"result_box\" class=\"\" lang=\"en\"><span title=\"Kaikki kodin pienet remonttity\u00f6t \">All small home renovations<\/span><\/span><\/li>\n<\/ul>\n<h3>Prices<\/h3>\n<p><span id=\"result_box\" class=\"\" lang=\"en\"><span title=\"Suunnitelmat alkaen 200\u20ac (+alv), asennus ja remonttity\u00f6t sopimuksen mukaan \/ alkaen 19\u20ac\/h (+alv). \">Starting from 200 \u20ac (+ VAT), installation and repair work by agreement from 19 \u20ac\/h (+ VAT).<\/span><\/span><span id=\"result_box\" class=\"\" lang=\"en\"><\/span><\/p>\n","protected":false},"excerpt":{"rendered":"<p>Feel free to ask if you need help! We speak English, Finnish and a little Swedish. Currently we are learning Spanish.<\/p>\n","protected":false},"author":1,"featured_media":0,"parent":0,"menu_order":0,"comment_status":"closed","ping_status":"closed","template":"","meta":[],"_links":{"self":[{"href":"https:\/\/www.varjo.es\/index.php\/wp-json\/wp\/v2\/pages\/222"}],"collection":[{"href":"https:\/\/www.varjo.es\/index.php\/wp-json\/wp\/v2\/pages"}],"about":[{"href":"https:\/\/www.varjo.es\/index.php\/wp-json\/wp\/v2\/types\/page"}],"author":[{"embeddable":true,"href":"https:\/\/www.varjo.es\/index.php\/wp-json\/wp\/v2\/users\/1"}],"replies":[{"embeddable":true,"href":"https:\/\/www.varjo.es\/index.php\/wp-json\/wp\/v2\/comments?post=222"}],"version-history":[{"count":14,"href":"https:\/\/www.varjo.es\/index.php\/wp-json\/wp\/v2\/pages\/222\/revisions"}],"predecessor-version":[{"id":761,"href":"https:\/\/www.varjo.es\/index.php\/wp-json\/wp\/v2\/pages\/222\/revisions\/761"}],"wp:attachment":[{"href":"https:\/\/www.varjo.es\/index.php\/wp-json\/wp\/v2\/media?parent=222"}],"curies":[{"name":"wp","href":"https:\/\/api.w.org\/{rel}","templated":true}]}}