{"id":109,"date":"2016-05-25T15:02:13","date_gmt":"2016-05-25T14:02:13","guid":{"rendered":"http:\/\/www.varjo.es\/?page_id=109"},"modified":"2024-04-21T12:44:11","modified_gmt":"2024-04-21T11:44:11","slug":"yksityisille","status":"publish","type":"page","link":"https:\/\/www.varjo.es\/index.php\/fi\/yksityisille\/","title":{"rendered":"Yksityisille"},"content":{"rendered":"<p><span style=\"color: #0000ff;\">Kysy rohkeasti mik\u00e4li tarvitset apua! <\/span><\/p>\n<p><span style=\"color: #0000ff;\">Puhumme englantia, suomea ja varauksella ruotsia. Opettelemme parasta aikaa espanjaa.<\/span><!--more--><\/p>\n<h2>S\u00e4hk\u00f6suunnitelmat sek\u00e4 tarvikkeet, asennus- ja huoltoty\u00f6t (Alicanten alueella)<\/h2>\n<p><img decoding=\"async\" loading=\"lazy\" class=\"alignright wp-image-481 size-medium\" src=\"http:\/\/www.varjo.es\/wp-content\/uploads\/2016\/05\/measuring-electricity-1413186-1-300x225.jpg\" alt=\"OLYMPUS DIGITAL CAMERA\" width=\"300\" height=\"225\" srcset=\"https:\/\/www.varjo.es\/wp-content\/uploads\/2016\/05\/measuring-electricity-1413186-1-300x225.jpg 300w, https:\/\/www.varjo.es\/wp-content\/uploads\/2016\/05\/measuring-electricity-1413186-1-768x576.jpg 768w, https:\/\/www.varjo.es\/wp-content\/uploads\/2016\/05\/measuring-electricity-1413186-1-1024x768.jpg 1024w\" sizes=\"(max-width: 300px) 100vw, 300px\" \/><\/p>\n<ul>\n<li>S\u00e4hk\u00f6- ja automaatiosuunnittelu pientaloihin &#8211; Euroopan alueella<\/li>\n<li>S\u00e4hk\u00f6- ja automaatioasennukset<\/li>\n<li>Kotiautomaatio- sek\u00e4 kameravalvontaj\u00e4rjestelm\u00e4t<\/li>\n<li>Pienet aurinkos\u00e4hk\u00f6j\u00e4rjestelm\u00e4t ja tarvikkeet<\/li>\n<li>S\u00e4hk\u00f6laitteiden korjaus- ja huoltoty\u00f6t<\/li>\n<li>Tietokoneiden ja tablettien p\u00e4ivitys ja neuvontapalvelut<\/li>\n<li>Kaikki kodin pienet remonttity\u00f6t<\/li>\n<\/ul>\n<h3>Hinnat<\/h3>\n<p>Suunnitelmat alkaen 200\u20ac (+alv), asennus ja remonttity\u00f6t sopimuksen mukaan \/ alkaen 19\u20ac\/h (+alv).<\/p>\n","protected":false},"excerpt":{"rendered":"<p>Kysy rohkeasti mik\u00e4li tarvitset apua! Puhumme englantia, suomea ja varauksella ruotsia. Opettelemme parasta aikaa espanjaa.<\/p>\n","protected":false},"author":1,"featured_media":0,"parent":0,"menu_order":0,"comment_status":"closed","ping_status":"closed","template":"","meta":[],"_links":{"self":[{"href":"https:\/\/www.varjo.es\/index.php\/wp-json\/wp\/v2\/pages\/109"}],"collection":[{"href":"https:\/\/www.varjo.es\/index.php\/wp-json\/wp\/v2\/pages"}],"about":[{"href":"https:\/\/www.varjo.es\/index.php\/wp-json\/wp\/v2\/types\/page"}],"author":[{"embeddable":true,"href":"https:\/\/www.varjo.es\/index.php\/wp-json\/wp\/v2\/users\/1"}],"replies":[{"embeddable":true,"href":"https:\/\/www.varjo.es\/index.php\/wp-json\/wp\/v2\/comments?post=109"}],"version-history":[{"count":35,"href":"https:\/\/www.varjo.es\/index.php\/wp-json\/wp\/v2\/pages\/109\/revisions"}],"predecessor-version":[{"id":759,"href":"https:\/\/www.varjo.es\/index.php\/wp-json\/wp\/v2\/pages\/109\/revisions\/759"}],"wp:attachment":[{"href":"https:\/\/www.varjo.es\/index.php\/wp-json\/wp\/v2\/media?parent=109"}],"curies":[{"name":"wp","href":"https:\/\/api.w.org\/{rel}","templated":true}]}}