{"id":100,"date":"2016-05-20T03:36:22","date_gmt":"2016-05-20T02:36:22","guid":{"rendered":"http:\/\/www.varjo.es\/?page_id=100"},"modified":"2016-10-16T14:25:12","modified_gmt":"2016-10-16T13:25:12","slug":"yrityksille","status":"publish","type":"page","link":"https:\/\/www.varjo.es\/index.php\/fi\/yrityksille\/","title":{"rendered":"Yrityksille"},"content":{"rendered":"<p><span style=\"color: #0000ff;\">Pyyd\u00e4 tarjous alla olevista palveluista!<\/span><\/p>\n<p><span style=\"color: #3366ff;\"><span style=\"color: #0000ff;\">Ty\u00f6kielen\u00e4 englanti ja suomi. Espanja toistaiseksi varauksella.<\/span><!--more--><\/span><\/p>\n<h2>Palvelut elektroniikkateollisuudelle<img decoding=\"async\" loading=\"lazy\" class=\"alignright wp-image-459 size-medium\" src=\"http:\/\/www.varjo.es\/wp-content\/uploads\/2016\/09\/electronic-1240807-300x200.jpg\" alt=\"electronic-1240807\" width=\"300\" height=\"200\" srcset=\"https:\/\/www.varjo.es\/wp-content\/uploads\/2016\/09\/electronic-1240807-300x200.jpg 300w, https:\/\/www.varjo.es\/wp-content\/uploads\/2016\/09\/electronic-1240807-768x512.jpg 768w, https:\/\/www.varjo.es\/wp-content\/uploads\/2016\/09\/electronic-1240807-1024x683.jpg 1024w\" sizes=\"(max-width: 300px) 100vw, 300px\" \/><\/h2>\n<ul>\n<li>RF ja Elektroniikka suunnittelu. Ohjelmistona Cadsoft Eagle<\/li>\n<li>Mekaniikka suunnittelu ja mallinnus 3D:n\u00e4 ProE:ll\u00e4 sek\u00e4 2D:n\u00e4 AutoCad:ll\u00e4<\/li>\n<li>Prototyyppien ja tuotannon alkusarjojen hankkiminen \/ j\u00e4rjest\u00e4minen<\/li>\n<li>Prototyyppien evaluointi ja testaus<\/li>\n<li>Tuotantodokumentaation j\u00e4rjest\u00e4minen<\/li>\n<li>Tyyppitestaus (EMC ja s\u00e4hk\u00f6turvallisuus) konsultointi<\/li>\n<li>Tuotanto-ongelmien selvitt\u00e4minen elektroniikka kokoonpanoissa<\/li>\n<\/ul>\n<h3>Hinnat<\/h3>\n<p>Riippuen projektin laajuudesta ja kestosta on tuntihintani 50 &#8211; 75 \u20ac\/h (alv. 0%) \/ tarjouksen mukaisesti.<\/p>\n<h2>Palvelut yritysjohdolle<img decoding=\"async\" loading=\"lazy\" class=\"alignright wp-image-483 size-medium\" src=\"http:\/\/www.varjo.es\/wp-content\/uploads\/2016\/05\/office-work-7-1238270-300x200.jpg\" width=\"300\" height=\"200\" srcset=\"https:\/\/www.varjo.es\/wp-content\/uploads\/2016\/05\/office-work-7-1238270-300x200.jpg 300w, https:\/\/www.varjo.es\/wp-content\/uploads\/2016\/05\/office-work-7-1238270-768x512.jpg 768w, https:\/\/www.varjo.es\/wp-content\/uploads\/2016\/05\/office-work-7-1238270-1024x683.jpg 1024w\" sizes=\"(max-width: 300px) 100vw, 300px\" \/><\/h2>\n<ul>\n<li>Henkil\u00f6st\u00f6arviot teollisuuden rekrytoinneissa<\/li>\n<li>Johdon konsultointi<\/li>\n<li>Markkinakartoitukset<\/li>\n<\/ul>\n<h3>Hinnat<\/h3>\n<p>Tarjouksen perusteella.<\/p>\n<h2>Tukipuhelin palvelut<\/h2>\n<h2><img decoding=\"async\" loading=\"lazy\" class=\"alignright wp-image-457 size-medium\" src=\"http:\/\/www.varjo.es\/wp-content\/uploads\/2016\/09\/callcenter-1240345-300x225.jpg\" alt=\"callcenter-1240345\" width=\"300\" height=\"225\" srcset=\"https:\/\/www.varjo.es\/wp-content\/uploads\/2016\/09\/callcenter-1240345-300x225.jpg 300w, https:\/\/www.varjo.es\/wp-content\/uploads\/2016\/09\/callcenter-1240345-768x576.jpg 768w, https:\/\/www.varjo.es\/wp-content\/uploads\/2016\/09\/callcenter-1240345-1024x768.jpg 1024w, https:\/\/www.varjo.es\/wp-content\/uploads\/2016\/09\/callcenter-1240345.jpg 2048w\" sizes=\"(max-width: 300px) 100vw, 300px\" \/><\/h2>\n<ul>\n<li>Tietotekniikkaan ja kommunikointiin liittyv\u00e4t help desk palvelut<\/li>\n<li>Tukis\u00e4hk\u00f6postin seuranta ja niihin vastaaminen<\/li>\n<\/ul>\n<h3>Hinnat<\/h3>\n<p>Tarjouksen perusteella. Kiinte\u00e4 kuukausihinta, sopimuksen kesto min. 6kk.<\/p>\n<p>&nbsp;<\/p>\n<p>&nbsp;<\/p>\n","protected":false},"excerpt":{"rendered":"<p>Pyyd\u00e4 tarjous alla olevista palveluista! Ty\u00f6kielen\u00e4 englanti ja suomi. Espanja toistaiseksi varauksella.<\/p>\n","protected":false},"author":1,"featured_media":0,"parent":0,"menu_order":0,"comment_status":"closed","ping_status":"closed","template":"","meta":[],"_links":{"self":[{"href":"https:\/\/www.varjo.es\/index.php\/wp-json\/wp\/v2\/pages\/100"}],"collection":[{"href":"https:\/\/www.varjo.es\/index.php\/wp-json\/wp\/v2\/pages"}],"about":[{"href":"https:\/\/www.varjo.es\/index.php\/wp-json\/wp\/v2\/types\/page"}],"author":[{"embeddable":true,"href":"https:\/\/www.varjo.es\/index.php\/wp-json\/wp\/v2\/users\/1"}],"replies":[{"embeddable":true,"href":"https:\/\/www.varjo.es\/index.php\/wp-json\/wp\/v2\/comments?post=100"}],"version-history":[{"count":20,"href":"https:\/\/www.varjo.es\/index.php\/wp-json\/wp\/v2\/pages\/100\/revisions"}],"predecessor-version":[{"id":594,"href":"https:\/\/www.varjo.es\/index.php\/wp-json\/wp\/v2\/pages\/100\/revisions\/594"}],"wp:attachment":[{"href":"https:\/\/www.varjo.es\/index.php\/wp-json\/wp\/v2\/media?parent=100"}],"curies":[{"name":"wp","href":"https:\/\/api.w.org\/{rel}","templated":true}]}}